{"id":207352,"date":"2025-09-18T03:02:13","date_gmt":"2025-09-18T01:02:13","guid":{"rendered":"https:\/\/electrovideo.eu\/produit\/lian-li-o11d-evo-rgb-noir\/"},"modified":"2026-04-14T06:12:42","modified_gmt":"2026-04-14T04:12:42","slug":"lian-li-o11d-evo-rgb-noir","status":"publish","type":"product","link":"https:\/\/electrovideo.eu\/en\/product\/lian-li-o11d-evo-rgb-noir\/","title":{"rendered":"Lian Li O11D EVO RGB (Noir)"},"content":{"rendered":"<div id=\"description\" class=\"description\">\n<div class=\"details-pdt-desc\">\n<h2 class=\"h2-master\">Lian Li O11D EVO RGB : Modularit\u00e9 et flexibilit\u00e9<\/h2>\n<section>\n<p>Avec ce bo\u00eetier <strong>O11D EVO RGB<\/strong>,<strong> Lian Li <\/strong>red\u00e9fini la modularit\u00e9 !<strong>&nbsp;<\/strong>En quelques \u00e9tapes seulement, l&#8217;O11D EVO RGB peut \u00eatre retourn\u00e9 en mode invers\u00e9 pour profiter d&#8217;une vue imprenable sur le c\u00f4t\u00e9 droit du ch\u00e2ssis gr\u00e2ce \u00e0 son panneau en verre tremp\u00e9 de 4 mm. Il est con\u00e7u pour&nbsp;accueillir les meilleures configurations <strong>mini-ITX, micro-ATX, ATX et E-ATX <\/strong>gr\u00e2ce \u00e0 ses deux chambres s\u00e9par\u00e9es et son&nbsp;vaste panel de fonctionnalit\u00e9s. Ses deux bandes lumineuses ARGB traversant le haut et le bas du ch\u00e2ssis, cr\u00e9ant un look \u00e9poustouflant.<\/p>\n<\/section>\n<section>\n<div class=\"desc-image\"><span><img decoding=\"async\" alt=\"\" loading=\"lazy\" src=\"https:\/\/electrovideo.eu\/wp-content\/uploads\/2025\/09\/lian_li_011d_evo_rgb.jpg\"><\/span><\/div>\n<div class=\"desc-text\">\n<h2>Caract\u00e9ristiques principales<\/h2>\n<ul>\n<li>Deux bandes lumineuses en forme de L en haut et en bas.<\/li>\n<li>Panneaux avant et lat\u00e9raux en verre tremp\u00e9 avec pilier amovible pour une vue transparente des composants et de l&#8217;\u00e9clairage RGB.<\/li>\n<li>E\/S arri\u00e8re et points de montage de la carte m\u00e8re r\u00e9glables en deux hauteurs.<\/li>\n<li>Prend en charge un radiateur jusqu&#8217;\u00e0 420 mm en haut et un radiateur de 360 \u200b\u200bmm sur le c\u00f4t\u00e9 et en bas.<\/li>\n<li>Disposition \u00e0 deux chambres avec compartiment de gestion des c\u00e2bles compatible avec les crochets<\/li>\n<\/ul>\n<\/div>\n<\/section>\n<\/div><\/div>\n","protected":false},"excerpt":{"rendered":"<p>Boitier moyen tour en aluminium et verre tremp\u00e9 avec bandeaux lumineux<\/p>\n","protected":false},"featured_media":207354,"comment_status":"open","ping_status":"closed","template":"","meta":{"_monsterinsights_skip_tracking":false,"_monsterinsights_sitenote_active":false,"_monsterinsights_sitenote_note":"","_monsterinsights_sitenote_category":0},"etheme_brands":[{"term_id":627,"name":"Lian Li","slug":"lian-li","term_group":0,"term_taxonomy_id":627,"taxonomy":"brand","description":"","parent":0,"count":28,"filter":"raw"}],"product_brand":[],"product_cat":[28],"product_tag":[],"class_list":{"0":"post-207352","1":"product","2":"type-product","3":"status-publish","4":"has-post-thumbnail","6":"brand-lian-li","7":"product_cat-tower-pc-case-box","9":"first","10":"instock","11":"taxable","12":"shipping-taxable","13":"purchasable","14":"product-type-simple"},"_links":{"self":[{"href":"https:\/\/electrovideo.eu\/en\/wp-json\/wp\/v2\/product\/207352","targetHints":{"allow":["GET"]}}],"collection":[{"href":"https:\/\/electrovideo.eu\/en\/wp-json\/wp\/v2\/product"}],"about":[{"href":"https:\/\/electrovideo.eu\/en\/wp-json\/wp\/v2\/types\/product"}],"replies":[{"embeddable":true,"href":"https:\/\/electrovideo.eu\/en\/wp-json\/wp\/v2\/comments?post=207352"}],"version-history":[{"count":0,"href":"https:\/\/electrovideo.eu\/en\/wp-json\/wp\/v2\/product\/207352\/revisions"}],"wp:featuredmedia":[{"embeddable":true,"href":"https:\/\/electrovideo.eu\/en\/wp-json\/wp\/v2\/media\/207354"}],"wp:attachment":[{"href":"https:\/\/electrovideo.eu\/en\/wp-json\/wp\/v2\/media?parent=207352"}],"wp:term":[{"taxonomy":"brand","embeddable":true,"href":"https:\/\/electrovideo.eu\/en\/wp-json\/wp\/v2\/etheme_brands?post=207352"},{"taxonomy":"product_brand","embeddable":true,"href":"https:\/\/electrovideo.eu\/en\/wp-json\/wp\/v2\/product_brand?post=207352"},{"taxonomy":"product_cat","embeddable":true,"href":"https:\/\/electrovideo.eu\/en\/wp-json\/wp\/v2\/product_cat?post=207352"},{"taxonomy":"product_tag","embeddable":true,"href":"https:\/\/electrovideo.eu\/en\/wp-json\/wp\/v2\/product_tag?post=207352"}],"curies":[{"name":"wp","href":"https:\/\/api.w.org\/{rel}","templated":true}]}}