{"id":207350,"date":"2025-09-18T03:02:13","date_gmt":"2025-09-18T01:02:13","guid":{"rendered":"https:\/\/electrovideo.eu\/produit\/lian-li-o11-vision-compact-blanc\/"},"modified":"2026-04-14T06:12:52","modified_gmt":"2026-04-14T04:12:52","slug":"lian-li-o11-vision-compact-blanc","status":"publish","type":"product","link":"https:\/\/electrovideo.eu\/en\/product\/lian-li-o11-vision-compact-blanc\/","title":{"rendered":"Lian Li O11 Vision Compact (Blanc)"},"content":{"rendered":"<div id=\"description\" class=\"description\">\n<div class=\"details-pdt-desc\">\n<h2 class=\"h2-master\">Modularit\u00e9 et flexibilit\u00e9 dans un format compact<\/h2>\n<section>\n<p>Le bo\u00eetier <strong>Lian Li O11 Vision Compact<\/strong> b\u00e9n\u00e9ficie d&#8217;une disposition \u00e0 double chambre avec trois c\u00f4t\u00e9s de panneaux en verre tremp\u00e9 sans bordure qui vous offriront la vue la plus d\u00e9gag\u00e9e possible sur l&#8217;ensemble de votre configuration. Ce bo\u00eetier Lian Li est con\u00e7u pour&nbsp;accueillir les meilleures configurations <strong>mini-ITX, micro-ATX, ATX et E-ATX (moins de 280 mm) <\/strong>gr\u00e2ce \u00e0 sa conception soign\u00e9e et son&nbsp;vaste panel de fonctionnalit\u00e9s.<br \/>\n&nbsp;<\/p>\n<\/section>\n<section>\n<div class=\"desc-image\"><span><img decoding=\"async\" alt=\"\" loading=\"lazy\" src=\"https:\/\/electrovideo.eu\/wp-content\/uploads\/2025\/09\/lian_li_o11_vision_compact.jpg\"><\/span><\/div>\n<div class=\"desc-text\">\n<h2>Points forts<\/h2>\n<ul>\n<li>Version noire avec verre tremp\u00e9 teint\u00e9, version blanche avec verre transparent<\/li>\n<li>Les trois c\u00f4t\u00e9s des panneaux de verre sans colonnes offrent la vue la plus transparente possible sur les composants<\/li>\n<li><strong>Panneaux du haut interchangeables : acier mesh \/ verre<\/strong><\/li>\n<li><strong>Avec panneau sup\u00e9rieur an acier<\/strong> : prend en charge jusqu&#8217;\u00e0 trois radiateurs de 360 \u200b\u200bmm ou un maximum de 11 ventilateurs de 120 mm (ou 8x 120 mm + 2 x 140 mm)<\/li>\n<li><strong>Avec panneau sup\u00e9rieur an verre tremp\u00e9<\/strong> : prend en charge jusqu&#8217;\u00e0 deux radiateurs de 360 \u200b\u200bmm ou un maximum de 8 ventilateurs de 120 mm<\/li>\n<li>Prise en charge des cartes m\u00e8res ATX avec connecteurs cach\u00e9s<\/li>\n<li>Disposition \u00e0 deux chambres avec compartiment de gestion et support des c\u00e2bles<\/li>\n<\/ul>\n<\/div>\n<\/section>\n<\/div><\/div>\n","protected":false},"excerpt":{"rendered":"<p>Boitier moyen tour en aluminium et verre tremp\u00e9 sur 3 c\u00f4t\u00e9s<\/p>\n","protected":false},"featured_media":207351,"comment_status":"open","ping_status":"closed","template":"","meta":{"_monsterinsights_skip_tracking":false,"_monsterinsights_sitenote_active":false,"_monsterinsights_sitenote_note":"","_monsterinsights_sitenote_category":0},"etheme_brands":[{"term_id":627,"name":"Lian Li","slug":"lian-li","term_group":0,"term_taxonomy_id":627,"taxonomy":"brand","description":"","parent":0,"count":28,"filter":"raw"}],"product_brand":[],"product_cat":[28],"product_tag":[],"class_list":{"0":"post-207350","1":"product","2":"type-product","3":"status-publish","4":"has-post-thumbnail","6":"brand-lian-li","7":"product_cat-tower-pc-case-box","9":"first","10":"instock","11":"taxable","12":"shipping-taxable","13":"purchasable","14":"product-type-simple"},"_links":{"self":[{"href":"https:\/\/electrovideo.eu\/en\/wp-json\/wp\/v2\/product\/207350","targetHints":{"allow":["GET"]}}],"collection":[{"href":"https:\/\/electrovideo.eu\/en\/wp-json\/wp\/v2\/product"}],"about":[{"href":"https:\/\/electrovideo.eu\/en\/wp-json\/wp\/v2\/types\/product"}],"replies":[{"embeddable":true,"href":"https:\/\/electrovideo.eu\/en\/wp-json\/wp\/v2\/comments?post=207350"}],"version-history":[{"count":0,"href":"https:\/\/electrovideo.eu\/en\/wp-json\/wp\/v2\/product\/207350\/revisions"}],"wp:featuredmedia":[{"embeddable":true,"href":"https:\/\/electrovideo.eu\/en\/wp-json\/wp\/v2\/media\/207351"}],"wp:attachment":[{"href":"https:\/\/electrovideo.eu\/en\/wp-json\/wp\/v2\/media?parent=207350"}],"wp:term":[{"taxonomy":"brand","embeddable":true,"href":"https:\/\/electrovideo.eu\/en\/wp-json\/wp\/v2\/etheme_brands?post=207350"},{"taxonomy":"product_brand","embeddable":true,"href":"https:\/\/electrovideo.eu\/en\/wp-json\/wp\/v2\/product_brand?post=207350"},{"taxonomy":"product_cat","embeddable":true,"href":"https:\/\/electrovideo.eu\/en\/wp-json\/wp\/v2\/product_cat?post=207350"},{"taxonomy":"product_tag","embeddable":true,"href":"https:\/\/electrovideo.eu\/en\/wp-json\/wp\/v2\/product_tag?post=207350"}],"curies":[{"name":"wp","href":"https:\/\/api.w.org\/{rel}","templated":true}]}}