{"id":207348,"date":"2025-09-18T03:02:13","date_gmt":"2025-09-18T01:02:13","guid":{"rendered":"https:\/\/electrovideo.eu\/produit\/lian-li-lancool-217-noir\/"},"modified":"2026-04-14T06:12:46","modified_gmt":"2026-04-14T04:12:46","slug":"lian-li-lancool-217-noir","status":"publish","type":"product","link":"https:\/\/electrovideo.eu\/en\/product\/lian-li-lancool-217-noir\/","title":{"rendered":"Lian Li LANCOOL 217 &#8211; Noir"},"content":{"rendered":"<div id=\"description\" class=\"description\">\n<div class=\"details-pdt-desc\">\n<h2 class=\"h2-master\">Design superbe et airflow extr\u00eame<\/h2>\n<section>\n<p>Le&nbsp;<strong>Lian Li LANCOOL 217<\/strong> est un <strong>bo\u00eetier PC Moyen Tour <\/strong>pens\u00e9 pour les gamers et les amateurs de belles configurations. Il combine une <strong>esth\u00e9tique raffin\u00e9e<\/strong> avec des touches de bois v\u00e9ritable (noyer ou h\u00eatre) \u00e0 un <strong>syst\u00e8me de refroidissement ultra\u2011efficace<\/strong>. Il propose une construction intelligente avec <strong>cinq ventilateurs int\u00e9gr\u00e9s<\/strong> (dont deux 170\u202fmm en fa\u00e7ade) et une <strong>modularit\u00e9 remarquable<\/strong>, afin d\u2019assurer <strong>performances thermiques<\/strong> et <strong>\u00e9l\u00e9gance<\/strong> imm\u00e9diate d\u00e8s le premier montage.<\/p>\n<\/section>\n<section>\n<div class=\"desc-image\"><span><img decoding=\"async\" alt=\"Lian\u202fLi\u202fLANCOOL\u202f217 int\u00e9rieur\" loading=\"lazy\" src=\"https:\/\/electrovideo.eu\/wp-content\/uploads\/2025\/09\/lian_li_lancool_217_0002.jpg\"><\/span><\/div>\n<div class=\"desc-text\">\n<h2>Esth\u00e9tique noble et ventilation efficace<\/h2>\n<p>Le design du <strong>LANCOOL\u202f217 <\/strong>s\u00e9duit d\u2019abord par ses <strong>inserts en bois v\u00e9ritable<\/strong> enrichissant la fa\u00e7ade et le haut du ch\u00e2ssis : noyer fonc\u00e9 pour la version noire, h\u00eatre clair pour la blanche. Derri\u00e8re ce cadre \u00e9l\u00e9gant, la fa\u00e7ade mesh garantit un flux d&#8217;air puissant pour un refroidissement optimal.<\/p>\n<p>Les <strong>deux ventilateurs avant de 170\u202fmm<\/strong> ,<strong>silencieux <\/strong>et <strong>performants<\/strong>, sont mont\u00e9s sans outil et peuvent \u00eatre d\u00e9plac\u00e9s pour privil\u00e9gier le refroidissement du CPU ou du GPU.<\/p>\n<\/div>\n<\/section>\n<section>\n<div class=\"desc-text\">\n<h2>Modularit\u00e9 extr\u00eame et compatibilit\u00e9 XXL<\/h2>\n<p>Le <strong>LANCOOL\u202f217 <\/strong>se distingue par ses options de montage d\u2019alimentation flexibles : vous pouvez installer le bloc d\u2019alimentation en position classique ou \u00e0 90\u00b0, ce qui facilite l\u2019acc\u00e8s aux connecteurs de la carte m\u00e8re et lib\u00e8re de la place pour une seconde cage pour disques. En outre, il prend en charge les cartes m\u00e8res de format E\u2011ATX et SSI\u2011EEB.<\/p>\n<p>Ses dimensions g\u00e9n\u00e9reuses (482\u202f\u00d7\u202f238\u202f\u00d7\u202f503\u202fmm), sa capacit\u00e9 \u00e0 loger des GPU jusqu\u2019\u00e0 380\u202fmm, des ventirads jusqu\u2019\u00e0 180\u202fmm, et des radiateurs en haut jusqu\u2019\u00e0 360\u202fmm font de lui une plateforme id\u00e9ale pour les configurations hautes performances ou les stations de travail avanc\u00e9es.<\/p>\n<\/div>\n<div class=\"desc-image\"><span><img decoding=\"async\" alt=\"LANCOOL\u202f217 vue lat\u00e9rale\" loading=\"lazy\" src=\"https:\/\/electrovideo.eu\/wp-content\/uploads\/2025\/09\/lian_li_lancool_217_0001.jpg\"><\/span><\/div>\n<\/section>\n<section class=\"list\">\n<h2>Caract\u00e9ristiques principales :<\/h2>\n<ul>\n<li><strong>Bo\u00eetier moyen\u2011tour<\/strong> aux accents bois (noyer ou h\u00eatre)<\/li>\n<li><strong>5 ventilateurs pr\u00e9install\u00e9s<\/strong> (2\u202f\u00d7\u202f170\u202fmm, 2\u202f\u00d7\u202f120\u202fmm, 1\u202f\u00d7\u202f140\u202fmm)<\/li>\n<li><strong>Airflow ajustable\u202f: mode CPU ou GPU<\/strong> via montage outils\u2011libres<\/li>\n<li><strong>Compatibilit\u00e9 \u00e9tendue<\/strong> jusqu&#8217;\u00e0 SSI\u2011EEB \/ E\u2011ATX \/ GPU\u202f380\u202fmm \/ ventirad\u202f180\u202fmm \/ radiateur jusqu\u2019\u00e0 360\u202fmm<\/li>\n<li><strong>Montage PSU 90\u00b0<\/strong> avec c\u00e2ble extension, optimisation routage<\/li>\n<li><strong>Hub ARGB\/PWM int\u00e9gr\u00e9<\/strong> pour gestion fluide des ventilateurs et LED<\/li>\n<li><strong>Deux boutons power<\/strong> (face avant + haut) pour plus d\u2019ergonomie<\/li>\n<li><strong>Design modulable &amp; raffin\u00e9<\/strong> alliant verre tremp\u00e9, mesh, acier SPCC et bois<\/li>\n<\/ul>\n<\/section>\n<\/div><\/div>\n","protected":false},"excerpt":{"rendered":"<p>Boitier Moyen Tour avec fa\u00e7ade mesh, panneau en verre tremp\u00e9 et 5 ventilateurs pr\u00e9-install\u00e9s &#8211; Compatible avec les cartes m\u00e8res \u00e0 connecteurs arri\u00e8res<\/p>\n","protected":false},"featured_media":207349,"comment_status":"open","ping_status":"closed","template":"","meta":{"_monsterinsights_skip_tracking":false,"_monsterinsights_sitenote_active":false,"_monsterinsights_sitenote_note":"","_monsterinsights_sitenote_category":0},"etheme_brands":[{"term_id":627,"name":"Lian Li","slug":"lian-li","term_group":0,"term_taxonomy_id":627,"taxonomy":"brand","description":"","parent":0,"count":28,"filter":"raw"}],"product_brand":[],"product_cat":[28],"product_tag":[],"class_list":{"0":"post-207348","1":"product","2":"type-product","3":"status-publish","4":"has-post-thumbnail","6":"brand-lian-li","7":"product_cat-tower-pc-case-box","9":"first","10":"instock","11":"taxable","12":"shipping-taxable","13":"purchasable","14":"product-type-simple"},"_links":{"self":[{"href":"https:\/\/electrovideo.eu\/en\/wp-json\/wp\/v2\/product\/207348","targetHints":{"allow":["GET"]}}],"collection":[{"href":"https:\/\/electrovideo.eu\/en\/wp-json\/wp\/v2\/product"}],"about":[{"href":"https:\/\/electrovideo.eu\/en\/wp-json\/wp\/v2\/types\/product"}],"replies":[{"embeddable":true,"href":"https:\/\/electrovideo.eu\/en\/wp-json\/wp\/v2\/comments?post=207348"}],"version-history":[{"count":0,"href":"https:\/\/electrovideo.eu\/en\/wp-json\/wp\/v2\/product\/207348\/revisions"}],"wp:featuredmedia":[{"embeddable":true,"href":"https:\/\/electrovideo.eu\/en\/wp-json\/wp\/v2\/media\/207349"}],"wp:attachment":[{"href":"https:\/\/electrovideo.eu\/en\/wp-json\/wp\/v2\/media?parent=207348"}],"wp:term":[{"taxonomy":"brand","embeddable":true,"href":"https:\/\/electrovideo.eu\/en\/wp-json\/wp\/v2\/etheme_brands?post=207348"},{"taxonomy":"product_brand","embeddable":true,"href":"https:\/\/electrovideo.eu\/en\/wp-json\/wp\/v2\/product_brand?post=207348"},{"taxonomy":"product_cat","embeddable":true,"href":"https:\/\/electrovideo.eu\/en\/wp-json\/wp\/v2\/product_cat?post=207348"},{"taxonomy":"product_tag","embeddable":true,"href":"https:\/\/electrovideo.eu\/en\/wp-json\/wp\/v2\/product_tag?post=207348"}],"curies":[{"name":"wp","href":"https:\/\/api.w.org\/{rel}","templated":true}]}}