{"id":207342,"date":"2025-09-18T03:05:09","date_gmt":"2025-09-18T01:05:09","guid":{"rendered":"https:\/\/electrovideo.eu\/produit\/lian-li-lancool-216-rgb-noir\/"},"modified":"2026-04-14T06:12:36","modified_gmt":"2026-04-14T04:12:36","slug":"lian-li-lancool-216-rgb-noir","status":"publish","type":"product","link":"https:\/\/electrovideo.eu\/en\/product\/lian-li-lancool-216-rgb-noir\/","title":{"rendered":"Lian Li LANCOOL 216 RGB Noir"},"content":{"rendered":"<div id=\"description\" class=\"description\">\n<div class=\"details-pdt-desc\">\n<h2 class=\"h2-master\">Optimisation du flux d&#8217;air<\/h2>\n<section>\n<p>Compatible avec le refroidissement par air ou par eau, le <strong>bo\u00eetier moyen tour Lian Li LANCOOL 216 RGB<\/strong> offre une grande libert\u00e9 dans la configuration de votre PC. B\u00e9n\u00e9ficiez d&#8217;un design optimis\u00e9 avec panneaux en maille et verre tremp\u00e9, d&#8217;une conception modulaire avec panneau arri\u00e8re et module de connectique amovibles. 3 ventilateurs (dont 2 ARGB) sont pr\u00e9-install\u00e9s tandis que 6 baies de stockage permettront de placer vos disques 2.5&#8243; ou 3.5&#8243; selon vos envies.&nbsp;&nbsp;<\/p>\n<\/section>\n<section>\n<div class=\"desc-image\"><span><img decoding=\"async\" alt=\"\" loading=\"lazy\" src=\"https:\/\/electrovideo.eu\/wp-content\/uploads\/2025\/09\/rgb.jpg\"><\/span><\/div>\n<div class=\"desc-text\">\n<h2>Bo\u00eetier moyen tour modulable<\/h2>\n<ul>\n<li><strong>Conception modulaire pour le refroidissement par air ou par eau<\/strong><\/li>\n<li>Panneau en maille \u00e0 l&#8217;avant, sur le sommet et le&nbsp;c\u00f4t\u00e9<\/li>\n<li>6 baies de stockage (4x 2.5&#8243;, 2x 2.5\/3.5&#8243;)<\/li>\n<li><strong>7 slots PCI, 9&nbsp;emplacements pour ventilateurs et compatibilit\u00e9 AIO 360 mm<\/strong><\/li>\n<li>Support de ventilateur 120 mm PCIe arri\u00e8re<\/li>\n<li><strong>Prise en charge des cartes m\u00e8res E-ATX, ATX, Micro-ATX et Mini-ITX<\/strong><\/li>\n<li>Cartes graphiques jusqu&#8217;\u00e0 392 mm, ventirads jusqu&#8217;\u00e0 180.5 mm et alimentations jusqu&#8217;\u00e0 220 mm<\/li>\n<li>Possibilit\u00e9 de monter verticalement la carte graphique (c\u00e2ble riser requis)<\/li>\n<li>Support de radiateur sup\u00e9rieur amovible<\/li>\n<li>1 filtre&nbsp;\u00e0 poussi\u00e8re en bas&nbsp;(possibilit\u00e9 d&#8217;ajouter un filtre magn\u00e9tique \u00e0 l&#8217;avant en option)<\/li>\n<li><strong>2 ventilateurs ARGB 160 mm PWM et 1x 140 mm PWM inclus<\/strong><\/li>\n<li>Module de contr\u00f4le ARGB et USB disponible en option<\/li>\n<li><strong>Panneau lat\u00e9ral transparent en verre tremp\u00e9<\/strong><\/li>\n<li><strong>Module connectique amovible : placement sur le sommet ou le c\u00f4t\u00e9<\/strong><\/li>\n<li>2 ports USB 3.0 + 1 port USB-C 3.1 +&nbsp;prise&nbsp;audio<\/li>\n<\/ul>\n<\/div>\n<\/section>\n<\/div><\/div>\n","protected":false},"excerpt":{"rendered":"<p>Boitier Moyen-Tour avec panneau lat\u00e9ral en verre tremp\u00e9, fa\u00e7ade Mesh, 2 ventilateurs ARGB 160 mm et 1 ventilateur 140 mm<\/p>\n","protected":false},"featured_media":207344,"comment_status":"open","ping_status":"closed","template":"","meta":{"_monsterinsights_skip_tracking":false,"_monsterinsights_sitenote_active":false,"_monsterinsights_sitenote_note":"","_monsterinsights_sitenote_category":0},"etheme_brands":[{"term_id":627,"name":"Lian Li","slug":"lian-li","term_group":0,"term_taxonomy_id":627,"taxonomy":"brand","description":"","parent":0,"count":28,"filter":"raw"}],"product_brand":[],"product_cat":[28],"product_tag":[],"class_list":{"0":"post-207342","1":"product","2":"type-product","3":"status-publish","4":"has-post-thumbnail","6":"brand-lian-li","7":"product_cat-tower-pc-case-box","9":"first","10":"instock","11":"taxable","12":"shipping-taxable","13":"purchasable","14":"product-type-simple"},"_links":{"self":[{"href":"https:\/\/electrovideo.eu\/en\/wp-json\/wp\/v2\/product\/207342","targetHints":{"allow":["GET"]}}],"collection":[{"href":"https:\/\/electrovideo.eu\/en\/wp-json\/wp\/v2\/product"}],"about":[{"href":"https:\/\/electrovideo.eu\/en\/wp-json\/wp\/v2\/types\/product"}],"replies":[{"embeddable":true,"href":"https:\/\/electrovideo.eu\/en\/wp-json\/wp\/v2\/comments?post=207342"}],"version-history":[{"count":0,"href":"https:\/\/electrovideo.eu\/en\/wp-json\/wp\/v2\/product\/207342\/revisions"}],"wp:featuredmedia":[{"embeddable":true,"href":"https:\/\/electrovideo.eu\/en\/wp-json\/wp\/v2\/media\/207344"}],"wp:attachment":[{"href":"https:\/\/electrovideo.eu\/en\/wp-json\/wp\/v2\/media?parent=207342"}],"wp:term":[{"taxonomy":"brand","embeddable":true,"href":"https:\/\/electrovideo.eu\/en\/wp-json\/wp\/v2\/etheme_brands?post=207342"},{"taxonomy":"product_brand","embeddable":true,"href":"https:\/\/electrovideo.eu\/en\/wp-json\/wp\/v2\/product_brand?post=207342"},{"taxonomy":"product_cat","embeddable":true,"href":"https:\/\/electrovideo.eu\/en\/wp-json\/wp\/v2\/product_cat?post=207342"},{"taxonomy":"product_tag","embeddable":true,"href":"https:\/\/electrovideo.eu\/en\/wp-json\/wp\/v2\/product_tag?post=207342"}],"curies":[{"name":"wp","href":"https:\/\/api.w.org\/{rel}","templated":true}]}}