{"id":207333,"date":"2025-09-18T03:05:09","date_gmt":"2025-09-18T01:05:09","guid":{"rendered":"https:\/\/electrovideo.eu\/produit\/fractal-design-define-r5-black\/"},"modified":"2026-04-14T06:14:31","modified_gmt":"2026-04-14T04:14:31","slug":"fractal-design-define-r5-black","status":"publish","type":"product","link":"https:\/\/electrovideo.eu\/en\/product\/fractal-design-define-r5-black\/","title":{"rendered":"Fractal Design Define R5 Black"},"content":{"rendered":"<div id=\"description\" class=\"description\">\n<div align=\"center\"><img decoding=\"async\" alt=\"\" loading=\"lazy\" src=\"https:\/\/electrovideo.eu\/wp-content\/uploads\/2025\/09\/10.jpg\"><\/div>\n<div class=\"details-pdt-desc\">\n<h2 class=\"h2-master\">Define R5 : la v\u00e9ritable d\u00e9finition du silence !<\/h2>\n<section>\n<p>Le bo\u00eetier&nbsp;<strong>Define R5 de Fractal Design<\/strong>&nbsp;est une nouvelle \u00e9tape dans l\u2019\u00e9volution de la tr\u00e8s c\u00e9l\u00e8bre s\u00e9rie<strong>&nbsp;Define<\/strong>. Ses nombreuses caract\u00e9ristiques intelligemment con\u00e7ues \u00e0 l\u2019intention des passionn\u00e9s en font un&nbsp;<strong>bo\u00eetier silencieux<\/strong>&nbsp;pr\u00eat \u00e0 recevoir un syst\u00e8me puissant et expansible de refroidissement par air ou par liquide,&nbsp;construit avec un \u00e9tonnant design d\u2019inspiration scandinave.&nbsp;Vous souhaitez \u00e9tendre votre syst\u00e8me avec un refroidissement&nbsp;par eau ou des ventilateurs suppl\u00e9mentaires ? Vous pouvez modifier facilement la disposition&nbsp;pour l\u2019adapter aux nouveaux besoins !<\/p>\n<\/section>\n<section>\n<div class=\"desc-image\"><span><img decoding=\"async\" alt=\"\" loading=\"lazy\" src=\"https:\/\/electrovideo.eu\/wp-content\/uploads\/2025\/09\/refroidissement.jpg\"><\/span><\/div>\n<div class=\"desc-text\">\n<h2>Profitez d&#8217;un refroidissement optimal<\/h2>\n<p>Le&nbsp;<strong>bo\u00eetier Define R5&nbsp;<\/strong>atteint le sommet en mati\u00e8re de silence dans le domaine de l\u2019informatique, gr\u00e2ce au&nbsp;mat\u00e9riau insonorisant&nbsp;<strong>ModuVent<\/strong>, tr\u00e8s dense et strat\u00e9giquement dispos\u00e9, ainsi qu\u2019aux ventilateurs de la&nbsp;s\u00e9rie&nbsp;<strong>Dynamic<\/strong>, finement ajust\u00e9s et munis de couvercles. Le R5 dispose d&#8217;un vaste espace d&#8217;agencement lui permettant de recevoir des syst\u00e8mes de watercooling volumineux ou des ventirads de 180mm de hauteur.<\/p>\n<p>Il est \u00e9quip\u00e9 des nouveaux couvercles de fentes de&nbsp;<strong>ventilateur \u00ab sans outils \u00bb ModuVent.<\/strong>&nbsp;L\u2019utilisateur peut&nbsp;installer des ventilateurs suppl\u00e9mentaires, ou recouvrir les fentes pour un maximum d\u2019insonorisation. Le bo\u00eetier est fourni avec&nbsp;deux ventilateurs&nbsp;<strong>Fractal Design Dynamic&nbsp;GP14 de 140 mm<\/strong>, con\u00e7us pour fournir une circulation&nbsp;d\u2019air superlative avec un minimum de bruit.&nbsp;La&nbsp;<strong>commande des ventilateurs<\/strong>, \u00e0 trois vitesses, est&nbsp;strat\u00e9giquement int\u00e9gr\u00e9e au panneau frontal et peut&nbsp;prendre en charge jusqu\u2019\u00e0 trois ventilateurs.<\/p>\n<\/div>\n<\/section>\n<section>\n<div class=\"desc-text\">\n<h2>Design et conception de grande classe<\/h2>\n<p>Le bo\u00eetier&nbsp;<strong>Fractal Design Define R5<\/strong>&nbsp;profite d&#8217;une conception robuste et pens\u00e9e pour vous offrir un silence absolu. Le bo\u00eetier est enti\u00e8rement rev\u00eatu d&#8217;un mat\u00e9riau hautement insonorisant, qui ne limite pas la circulation d&#8217;air ni le refroidissement. Une&nbsp;<strong>protection anti poussi\u00e8re<\/strong>&nbsp;est install\u00e9e sur le<strong>&nbsp;R5.&nbsp;<\/strong>Ces<strong>&nbsp;<\/strong>filtres sont faciles d&#8217;acc\u00e8s et sont plac\u00e9s aux admissions d&#8217;air frontale et inf\u00e9rieure.<\/p>\n<p>La<strong>&nbsp;porte avant<\/strong>&nbsp;peut s&#8217;installer avec une ouverture par la droite ou la gauche&nbsp;afin de toujours mieux s&#8217;adapter \u00e0 votre espace de travail. Ce bo\u00eetier ultra performant est disponible en<strong>&nbsp;trois couleurs<\/strong>, noir, blanc et titanium, et existe \u00e9galement en&nbsp;<strong>version fen\u00eatr\u00e9e<\/strong>. Pratique, robuste, performant et ultra-design, il satisfera les gamers en qu\u00eate d&#8217;un bo\u00eetier haut de gamme.<\/p>\n<\/div>\n<div class=\"desc-image\"><span><img decoding=\"async\" alt=\"\" loading=\"lazy\" src=\"https:\/\/electrovideo.eu\/wp-content\/uploads\/2025\/09\/conception.jpg\"><\/span><\/div>\n<\/section>\n<section>\n<div class=\"desc-image\"><span><img decoding=\"async\" alt=\"\" loading=\"lazy\" src=\"https:\/\/electrovideo.eu\/wp-content\/uploads\/2025\/09\/personnalisation.jpg\"><\/span><\/div>\n<div class=\"desc-text\">\n<h2>Adaptabilit\u00e9 : cr\u00e9ez la machine de vos r\u00eaves !<\/h2>\n<p>Le bo\u00eetier&nbsp;<strong>Define R5<\/strong>&nbsp;a \u00e9t\u00e9 con\u00e7u en pensant \u00e0 l\u2019<strong>adaptabilit\u00e9<\/strong>. On peut y disposer \u00e0 volont\u00e9 jusqu\u2019\u00e0&nbsp;<strong>8 disques&nbsp;durs<\/strong>, ainsi que toutes les cartes graphiques modernes. Deux slots pour&nbsp;<strong>SSD<\/strong>&nbsp;sont pr\u00e9vus derri\u00e8re le support de la carte m\u00e8re et offrent un montage &#8220;sans outil&#8221;. Les plateaux HDD\/SSD sont robustes et offrent une s\u00e9curit\u00e9 \u00e0 vos disques, tout en assurant une meilleure circulation de l&#8217;air gr\u00e2ce \u00e0 une nouvelle conception plus ajour\u00e9e.<\/p>\n<p>Le&nbsp;syst\u00e8me de cages des disques durs peut recevoir jusqu\u2019\u00e0<strong>&nbsp;huit disques de 3,5 ou 2,5 pouces<\/strong>. Il est&nbsp;plus adaptable que jamais. L\u2019utilisateur peut modifier \u00e0 son gr\u00e9 la disposition des cages pour lesquelles&nbsp;plus d\u2019emplacements sont possibles.&nbsp;La<strong>&nbsp;cage du disque optique&nbsp;<\/strong>est facilement amovible pour permettre un gain d\u2019espace \u00e0 l\u2019int\u00e9rieur. On&nbsp;peut lib\u00e9rer de l\u2019espace pour am\u00e9liorer la circulation d\u2019air, pour modifier l\u2019emplacement des disques durs&nbsp;ou pour installer des composants de refroidissement par eau suppl\u00e9mentaires.<\/p>\n<\/div>\n<\/section>\n<section>\n<h2>Caract\u00e9ristiques principales :<\/h2>\n<ul>\n<li>Compatibilit\u00e9 carte m\u00e8re :<strong>&nbsp;ATX, Micro ATX, Mini ITX<\/strong><\/li>\n<li>Port d&#8217;extension :&nbsp;<strong>2x USB 3.0<\/strong>, 2x USB 2.0, casque\/micro<\/li>\n<li>Bouton M\/A avec LED (bleue)<\/li>\n<li><strong>Contr\u00f4leur de ventilateurs<\/strong><\/li>\n<li>Baies : 2x 5.25\u201d externes +<strong>&nbsp;8 plateaux internes 3.5\u201d HDD compatibles SSD<\/strong>&nbsp;+ 2x emplacements 2.5\u201d pour SSD<\/li>\n<li>Slots d\u2019extension : 7&nbsp;<\/li>\n<li><strong>Compatibilit\u00e9 Alimentation<\/strong>&nbsp;: Alimentations ATX jusqu\u2019\u00e0 190\/170 mm de profondeur si l\u2019emplacement ventilateur du bas est utilis\u00e9 (300 mm si vide)<\/li>\n<li><strong>Compatibilit\u00e9 Cartes Graphiques<\/strong>&nbsp;: Jusqu\u2019\u00e0 310 mm de longueur si la cage HDD sup\u00e9rieure est conserv\u00e9e (440 mm si la cage est retir\u00e9e)<\/li>\n<li><strong>Compatibilit\u00e9 Ventirad<\/strong>&nbsp;: Jusqu&#8217;\u00e0 180mm de hauteur<\/li>\n<li><strong>Refroidissement \/ Ventilation&nbsp;<\/strong>:<strong>&nbsp;9 emplacements ventilateurs (2 ventilateurs Dynamic GP14 140 mm inclus)<\/strong><\/li>\n<li>Gestion des c\u00e2bles : de 20 \u00e0 35 mm d\u2019espace derri\u00e8re la carte m\u00e8re pour le c\u00e2ble management<\/li>\n<li>Dimensions (I x H x L mm) : 232 x 462 x 531<\/li>\n<li>Poids net (kg) : 11.2 kg<\/li>\n<\/ul>\n<\/section>\n<\/div><\/div>\n","protected":false},"excerpt":{"rendered":"<p>Bo\u00eetier Moyen Tour Noir<\/p>\n","protected":false},"featured_media":207335,"comment_status":"open","ping_status":"closed","template":"","meta":{"_monsterinsights_skip_tracking":false,"_monsterinsights_sitenote_active":false,"_monsterinsights_sitenote_note":"","_monsterinsights_sitenote_category":0},"etheme_brands":[{"term_id":621,"name":"Fractal Design","slug":"fractal-design","term_group":0,"term_taxonomy_id":621,"taxonomy":"brand","description":"","parent":0,"count":28,"filter":"raw"}],"product_brand":[],"product_cat":[28],"product_tag":[],"class_list":{"0":"post-207333","1":"product","2":"type-product","3":"status-publish","4":"has-post-thumbnail","6":"brand-fractal-design","7":"product_cat-tower-pc-case-box","9":"first","10":"instock","11":"taxable","12":"shipping-taxable","13":"purchasable","14":"product-type-simple"},"_links":{"self":[{"href":"https:\/\/electrovideo.eu\/en\/wp-json\/wp\/v2\/product\/207333","targetHints":{"allow":["GET"]}}],"collection":[{"href":"https:\/\/electrovideo.eu\/en\/wp-json\/wp\/v2\/product"}],"about":[{"href":"https:\/\/electrovideo.eu\/en\/wp-json\/wp\/v2\/types\/product"}],"replies":[{"embeddable":true,"href":"https:\/\/electrovideo.eu\/en\/wp-json\/wp\/v2\/comments?post=207333"}],"version-history":[{"count":0,"href":"https:\/\/electrovideo.eu\/en\/wp-json\/wp\/v2\/product\/207333\/revisions"}],"wp:featuredmedia":[{"embeddable":true,"href":"https:\/\/electrovideo.eu\/en\/wp-json\/wp\/v2\/media\/207335"}],"wp:attachment":[{"href":"https:\/\/electrovideo.eu\/en\/wp-json\/wp\/v2\/media?parent=207333"}],"wp:term":[{"taxonomy":"brand","embeddable":true,"href":"https:\/\/electrovideo.eu\/en\/wp-json\/wp\/v2\/etheme_brands?post=207333"},{"taxonomy":"product_brand","embeddable":true,"href":"https:\/\/electrovideo.eu\/en\/wp-json\/wp\/v2\/product_brand?post=207333"},{"taxonomy":"product_cat","embeddable":true,"href":"https:\/\/electrovideo.eu\/en\/wp-json\/wp\/v2\/product_cat?post=207333"},{"taxonomy":"product_tag","embeddable":true,"href":"https:\/\/electrovideo.eu\/en\/wp-json\/wp\/v2\/product_tag?post=207333"}],"curies":[{"name":"wp","href":"https:\/\/api.w.org\/{rel}","templated":true}]}}