{"id":207286,"date":"2025-09-18T03:24:50","date_gmt":"2025-09-18T01:24:50","guid":{"rendered":"https:\/\/electrovideo.eu\/produit\/phanteks-eclipse-g400a-noir\/"},"modified":"2026-04-14T06:11:00","modified_gmt":"2026-04-14T04:11:00","slug":"phanteks-eclipse-g400a-noir","status":"publish","type":"product","link":"https:\/\/electrovideo.eu\/en\/product\/phanteks-eclipse-g400a-noir\/","title":{"rendered":"Phanteks Eclipse G400A (Noir)"},"content":{"rendered":"<div id=\"description\" class=\"description\">\n<div class=\"details-pdt-desc\">\n<h2 class=\"h2-master\">Phanteks Eclipse G400A : Boitier moyen tour premium avec \u00e9clairage D-RGB !<\/h2>\n<section>\n<p>Le <strong>boitier Eclipse G400A <\/strong>de<strong> Phanteks<\/strong> vous permettra d&#8217;assembler une puissante configuration gaming&nbsp;dans un boitier \u00e9l\u00e9gant pourvu d&#8217;une fen\u00eatre en verre tremp\u00e9. Pour se d\u00e9marquer et impressionner, il est \u00e9quip\u00e9&nbsp;d&#8217;un r\u00e9tro\u00e9clairage -DRGB complet avec ses <strong>4 ventilateurs D-RGB 140 mm<\/strong> et sa bande LED horizontale int\u00e9gr\u00e9e. La fa\u00e7ade de l&#8217;Eclipse G400A&nbsp;est en Mesh pour une meilleure a\u00e9ration. Il a \u00e9t\u00e9 con\u00e7u pour accueillir des cartes m\u00e8res au <strong>format E-ATX, ATX, Micro-ATX et Mini ITX<\/strong>&nbsp;mais aussi une c<strong>arte graphique jusqu&#8217;\u00e0 415&nbsp;mm<\/strong>.<br \/>\n&nbsp;&nbsp;<br \/>\nIl met \u00e0 votre&nbsp;disposition&nbsp;une connectique&nbsp;compl\u00e8te : 1 pors USB 3.0, 1 port USB 3.1 type C, une prise Jack combo. Pour le refroidissement, 7 emplacements pour ventilateurs de 120 mm ou 6 pour 140 mm sont disponibles : 4 ventilateurs de 140 mm D-RGB sont fournis et sont install\u00e9s en fa\u00e7ade et \u00e0 l&#8217;arri\u00e8re. Vous avez \u00e9galement la possibilit\u00e9 d\u2019opter pour du refroidissement par watercooling de 240\/280\/360 mm suivant les emplacements.<\/p>\n<\/section>\n<section>\n<div class=\"desc-image\"><span><img decoding=\"async\" alt=\"\" loading=\"lazy\" src=\"https:\/\/electrovideo.eu\/wp-content\/uploads\/2025\/09\/phanteks_eclipse_g400a_black.jpg\"><\/span><\/div>\n<div class=\"desc-text\">\n<h2>Points forts<\/h2>\n<ul>\n<li>Panneau lat\u00e9ral&nbsp;en verre tremp\u00e9<\/li>\n<li>Compatible carte m\u00e8re E-ATX (280 mm de largeur), ATX, Micro-ATX, Mini-ITX<\/li>\n<li>Carte graphique jusqu&#8217;\u00e0 415 mm de longueur<\/li>\n<li>Connecteur USB-C 3.1 10 Gbps<\/li>\n<li>Fa\u00e7ade et zone lat\u00e9rale en Mesh pour une dissipation thermique optimis\u00e9e.<\/li>\n<li>\u00c9clairage D-RGB (3 ventilateurs de 140 mm M25-140 D-RGB + 1 bande D-RGB int\u00e9gr\u00e9e)<\/li>\n<li>Gestion soign\u00e9e des c\u00e2bles avec outil de gestion d\u00e9di\u00e9 et prise en charge des cartes m\u00e8res \u00e0 connecteur arri\u00e8re (ASUS BTF, MSI Project Zero\u2026)<br \/>\n\t&nbsp;<\/li>\n<\/ul>\n<\/div>\n<\/section>\n<\/div><\/div>\n","protected":false},"excerpt":{"rendered":"<p>Bo\u00eetier moyen tour avec paroi lat\u00e9rale en verre tremp\u00e9e et 4 ventilateurs 140 mm D-RGB<\/p>\n","protected":false},"featured_media":207288,"comment_status":"open","ping_status":"closed","template":"","meta":{"_monsterinsights_skip_tracking":false,"_monsterinsights_sitenote_active":false,"_monsterinsights_sitenote_note":"","_monsterinsights_sitenote_category":0},"etheme_brands":[{"term_id":599,"name":"Phanteks","slug":"phanteks","term_group":0,"term_taxonomy_id":599,"taxonomy":"brand","description":"","parent":0,"count":6,"filter":"raw"}],"product_brand":[],"product_cat":[28],"product_tag":[],"class_list":{"0":"post-207286","1":"product","2":"type-product","3":"status-publish","4":"has-post-thumbnail","6":"brand-phanteks","7":"product_cat-tower-pc-case-box","9":"first","10":"instock","11":"taxable","12":"shipping-taxable","13":"purchasable","14":"product-type-simple"},"_links":{"self":[{"href":"https:\/\/electrovideo.eu\/en\/wp-json\/wp\/v2\/product\/207286","targetHints":{"allow":["GET"]}}],"collection":[{"href":"https:\/\/electrovideo.eu\/en\/wp-json\/wp\/v2\/product"}],"about":[{"href":"https:\/\/electrovideo.eu\/en\/wp-json\/wp\/v2\/types\/product"}],"replies":[{"embeddable":true,"href":"https:\/\/electrovideo.eu\/en\/wp-json\/wp\/v2\/comments?post=207286"}],"version-history":[{"count":0,"href":"https:\/\/electrovideo.eu\/en\/wp-json\/wp\/v2\/product\/207286\/revisions"}],"wp:featuredmedia":[{"embeddable":true,"href":"https:\/\/electrovideo.eu\/en\/wp-json\/wp\/v2\/media\/207288"}],"wp:attachment":[{"href":"https:\/\/electrovideo.eu\/en\/wp-json\/wp\/v2\/media?parent=207286"}],"wp:term":[{"taxonomy":"brand","embeddable":true,"href":"https:\/\/electrovideo.eu\/en\/wp-json\/wp\/v2\/etheme_brands?post=207286"},{"taxonomy":"product_brand","embeddable":true,"href":"https:\/\/electrovideo.eu\/en\/wp-json\/wp\/v2\/product_brand?post=207286"},{"taxonomy":"product_cat","embeddable":true,"href":"https:\/\/electrovideo.eu\/en\/wp-json\/wp\/v2\/product_cat?post=207286"},{"taxonomy":"product_tag","embeddable":true,"href":"https:\/\/electrovideo.eu\/en\/wp-json\/wp\/v2\/product_tag?post=207286"}],"curies":[{"name":"wp","href":"https:\/\/api.w.org\/{rel}","templated":true}]}}