{"id":204374,"date":"2025-09-16T19:37:00","date_gmt":"2025-09-16T17:37:00","guid":{"rendered":"https:\/\/electrovideo.eu\/produit\/gigabyte-radeon-rx-7600-gaming-oc-8g\/"},"modified":"2026-04-21T00:49:06","modified_gmt":"2026-04-20T22:49:06","slug":"gigabyte-radeon-rx-7600-gaming-oc-8g","status":"publish","type":"product","link":"https:\/\/electrovideo.eu\/en\/product\/gigabyte-radeon-rx-7600-gaming-oc-8g\/","title":{"rendered":"Gigabyte Radeon RX 7600 GAMING OC 8G"},"content":{"rendered":"<div id=\"description\" class=\"description\">\n<div class=\"details-pdt-desc\">\n<h2 class=\"h2-master\">Le meilleur du Jeu en Full HD<\/h2>\n<section>\n<p>Bas\u00e9e sur l&#8217;<strong>architecture RDNA 3<\/strong>, la <strong>carte graphique Gigabyte Radeon RX 7600 GAMING OC 8G<\/strong><strong> <\/strong>est con\u00e7ue pour le Jeu en Full HD. Puissante et efficace, elle ravira joueurs et cr\u00e9atifs \u00e0 la recherche d&#8217;une solution graphique performante et novatrice. Les technologies de pointe comme AMD Radeon Super Resolution, AMD Smart Access Memory, AMD Radeon Boost, AMD FreeSync ou encore AMD Radeon Anti-Lag vous permettent d&#8217;obtenir des jeux ultra-fluides avec un rendu graphique spectaculaire.<\/p>\n<\/section>\n<section>\n<div class=\"desc-image\"><span><img decoding=\"async\" alt=\"\" loading=\"lazy\" src=\"https:\/\/electrovideo.eu\/wp-content\/uploads\/2025\/09\/AMD-SmartAccessMemory_001.jpg\"><\/span><\/div>\n<div class=\"desc-text\">\n<h2>AMD RDNA 3<\/h2>\n<p>AMD RDNA 3 est la nouvelle architecture r\u00e9volutionnaire d&#8217;AMD pour le jeu. Gr\u00e2ce \u00e0 elle les cartes graphiques AMD Radeon RX 7600 offrent des performances, des visuels et une efficacit\u00e9 de nouvelle g\u00e9n\u00e9ration en Full HD.<\/p>\n<ul>\n<li>32 Unit\u00e9s de calcul<\/li>\n<li>32 Ray Accelerators<\/li>\n<li>2048 Processeurs de flux<\/li>\n<\/ul>\n<\/div>\n<\/section>\n<section>\n<div class=\"desc-text\">\n<h2>Technologies de pointe<\/h2>\n<ul>\n<li>AMD FidelityFX Super Resolution : (FSR) utilise des technologies de mise \u00e0 l\u2019\u00e9chelle de pointe permettant de booster vos fr\u00e9quences d&#8217;images dans certains titres&nbsp;et d\u2019offrir une exp\u00e9rience de gaming hautes performances de grande qualit\u00e9.<\/li>\n<li>AMD Radeon&nbsp;Super Resolution : booste&nbsp;les performances sur des milliers de jeux.<\/li>\n<li>AMD Smart Access Memory : acc\u00e8s total du CPU \u00e0 la m\u00e9moire GPU, pour des performances de gaming am\u00e9lior\u00e9es<\/li>\n<li>AMD FreeSync&nbsp;technologie : \u00e9limine les d\u00e9chirements d&#8217;\u00e9cran, et ce, sans saccade ou latence<\/li>\n<li>AMD Radeon&nbsp;Anti-Lag : des d\u00e9lais de r\u00e9ponse au clic encore plus rapides<\/li>\n<li>AMD Software Radeon&nbsp;Image Sharpening : utilise un algorithme de nettet\u00e9 adapt\u00e9e au contraste qui restaure la clart\u00e9 des visuels du jeu qui auraient pu \u00eatre liss\u00e9s par d\u2019autres effets, faisant ainsi ressortir les d\u00e9tails des objets<\/li>\n<\/ul>\n<\/div>\n<div class=\"desc-image\"><span><img decoding=\"async\" alt=\"\" loading=\"lazy\" src=\"https:\/\/electrovideo.eu\/wp-content\/uploads\/2025\/09\/AMD-FidelityFX-Super-Resolution_001.jpg\"><\/span><\/div>\n<\/section>\n<section>\n<div class=\"desc-image\"><span><img decoding=\"async\" alt=\"\" loading=\"lazy\" src=\"https:\/\/electrovideo.eu\/wp-content\/uploads\/2025\/09\/AMD-Software-Adrenalin-Edition_001.jpg\"><\/span><\/div>\n<div class=\"desc-text\">\n<h2>Suite logicielle performante<\/h2>\n<p>Les pilotes <strong>AMD Radeon Software Adrenalin 2022 Edition<\/strong> am\u00e9liorent votre exp\u00e9rience de jeu. Con\u00e7u pour vous fournir une interface claire, moderne et facile \u00e0 utiliser dans laquelle vous pouvez rapidement acc\u00e9der aux derni\u00e8res fonctionnalit\u00e9s logicielles, aux statistiques de la partie, aux rapports de performances, aux mises \u00e0 jour des pilotes, et bien plus encore \u2013 tout cela centralis\u00e9 au m\u00eame endroit pour plus de facilit\u00e9. Profitez du raccourci ALT+R pour ouvrir AMD Software: Adrenalin Edition directement dans le jeu, afin de faciliter et rendre encore plus pratique le r\u00e9glage de vos fonctionnalit\u00e9s pr\u00e9f\u00e9r\u00e9es.<\/p>\n<\/div>\n<\/section>\n<\/div><\/div>\n","protected":false},"excerpt":{"rendered":"<p>8 Go GDDR6 &#8211; Dual HDMI\/Dual DisplayPort &#8211; PCI Express (AMD Radeon RX 7600)<\/p>\n","protected":false},"featured_media":204366,"comment_status":"open","ping_status":"closed","template":"","meta":{"_monsterinsights_skip_tracking":false,"_monsterinsights_sitenote_active":false,"_monsterinsights_sitenote_note":"","_monsterinsights_sitenote_category":0},"etheme_brands":[{"term_id":44,"name":"Gigabyte","slug":"gigabyte","term_group":0,"term_taxonomy_id":44,"taxonomy":"brand","description":"","parent":0,"count":118,"filter":"raw"}],"product_brand":[],"product_cat":[21],"product_tag":[],"class_list":{"0":"post-204374","1":"product","2":"type-product","3":"status-publish","4":"has-post-thumbnail","6":"brand-gigabyte","7":"product_cat-graphic-card","8":"pa_memory-type-gddr6","10":"first","11":"instock","12":"sale","13":"taxable","14":"shipping-taxable","15":"purchasable","16":"product-type-simple"},"_links":{"self":[{"href":"https:\/\/electrovideo.eu\/en\/wp-json\/wp\/v2\/product\/204374","targetHints":{"allow":["GET"]}}],"collection":[{"href":"https:\/\/electrovideo.eu\/en\/wp-json\/wp\/v2\/product"}],"about":[{"href":"https:\/\/electrovideo.eu\/en\/wp-json\/wp\/v2\/types\/product"}],"replies":[{"embeddable":true,"href":"https:\/\/electrovideo.eu\/en\/wp-json\/wp\/v2\/comments?post=204374"}],"version-history":[{"count":0,"href":"https:\/\/electrovideo.eu\/en\/wp-json\/wp\/v2\/product\/204374\/revisions"}],"wp:featuredmedia":[{"embeddable":true,"href":"https:\/\/electrovideo.eu\/en\/wp-json\/wp\/v2\/media\/204366"}],"wp:attachment":[{"href":"https:\/\/electrovideo.eu\/en\/wp-json\/wp\/v2\/media?parent=204374"}],"wp:term":[{"taxonomy":"brand","embeddable":true,"href":"https:\/\/electrovideo.eu\/en\/wp-json\/wp\/v2\/etheme_brands?post=204374"},{"taxonomy":"product_brand","embeddable":true,"href":"https:\/\/electrovideo.eu\/en\/wp-json\/wp\/v2\/product_brand?post=204374"},{"taxonomy":"product_cat","embeddable":true,"href":"https:\/\/electrovideo.eu\/en\/wp-json\/wp\/v2\/product_cat?post=204374"},{"taxonomy":"product_tag","embeddable":true,"href":"https:\/\/electrovideo.eu\/en\/wp-json\/wp\/v2\/product_tag?post=204374"}],"curies":[{"name":"wp","href":"https:\/\/api.w.org\/{rel}","templated":true}]}}