{"id":204310,"date":"2025-09-16T19:49:08","date_gmt":"2025-09-16T17:49:08","guid":{"rendered":"https:\/\/electrovideo.eu\/produit\/asrock-amd-radeon-rx-9070-xt-steel-legend-16gb\/"},"modified":"2026-04-24T02:47:44","modified_gmt":"2026-04-24T00:47:44","slug":"asrock-amd-radeon-rx-9070-xt-steel-legend-16gb","status":"publish","type":"product","link":"https:\/\/electrovideo.eu\/en\/product\/asrock-amd-radeon-rx-9070-xt-steel-legend-16gb\/","title":{"rendered":"ASRock AMD Radeon RX 9070 XT Steel Legend 16GB"},"content":{"rendered":"<div id=\"description\" class=\"description\">\n<div class=\"details-pdt-desc\">\n<h2 class=\"h2-master\">Vitesse. Performances. Fluidit\u00e9. <\/h2>\n<section>\n<p>Jouez chaque coup \u00e0 fond et prenez un avantage d\u00e9terminant sur vos adversaires avec la <strong>carte graphique ASRock AMD Radeon RX 9070 XT Steel Legend 16GB<\/strong>. Bas\u00e9es sur la <strong>nouvelle architecture AMD RDNA 4<\/strong> qui<strong> int\u00e8gre l&#8217;IA<\/strong> et par\u00e9es des<strong> technologies de pointe<\/strong>, les <strong>cartes graphiques gaming AMD Radeon S\u00e9ries 9000<\/strong> vous offrent<strong> la vitesse et les performances <\/strong>dont vous avez besoin pour <strong>jouer en haute r\u00e9solution de mani\u00e8re ultra-fluide<\/strong>.&nbsp;<\/p>\n<\/section>\n<section>\n<div class=\"desc-image\"><span><img decoding=\"async\" alt=\"\" loading=\"lazy\" src=\"https:\/\/electrovideo.eu\/wp-content\/uploads\/2025\/09\/asrock_rx_9000_steel-legend_001.jpg\"><\/span><\/div>\n<div class=\"desc-text\">\n<h2>ASRock AMD Radeon RX 9070 XT Steel Legend 16GB<\/h2>\n<p>&nbsp;<\/p>\n<ul>\n<li>Architecture <strong>AMD RDNA 4 <\/strong>avec <strong>ray tracing<\/strong>&nbsp;mat\u00e9riel de 3\u00e8me g\u00e9n\u00e9ration et <strong>IA <\/strong>de 2nd g\u00e9n\u00e9ration<\/li>\n<li>Technologie&nbsp;<strong>AMD Radeon&nbsp;Anti-Lag 2<\/strong> pour des jeux fluides et sans latences<\/li>\n<li><strong>3 ventilateurs Striped Ring Fan<\/strong><\/li>\n<li><strong>Dissipateur aluminium<\/strong> et <strong>base cuivre<\/strong><\/li>\n<li><strong>Fonctionnement silencieux avec coupure des ventilateurs<\/strong> lorsque la temp\u00e9rature du GPU est basse<\/li>\n<li><strong>LED ARGB<\/strong> Polychrome Sync (avec switch On\/Off)<\/li>\n<li><strong>Backplate m\u00e9tal<\/strong> pour rigidifier la carte et \u00e9viter les torsions<\/li>\n<\/ul>\n<\/div>\n<\/section>\n<section>\n<div class=\"desc-text\">\n<h2>Gaming Ultra-rapide<\/h2>\n<p>Les cartes graphiques&nbsp;<strong>AMD Radeon RX 9000 <\/strong>combinent rapidit\u00e9, performances et graphismes exceptionnels pour garantir des jeux fluides et une exp\u00e9rience gaming immersive.&nbsp;Les <strong>cartes graphiques ultra-rapides Radeon RX S\u00e9rie 9000 <\/strong>sont bas\u00e9es sur des <strong>unit\u00e9s de calcul AMD RDNA 4 unifi\u00e9es<\/strong>, dot\u00e9es de <strong>capacit\u00e9s de raytracing am\u00e9lior\u00e9es<\/strong>, qui offrent une exp\u00e9rience ultra-immersive pour toutes les r\u00e9solutions de jeu principales. Activez <strong>AMD HYPR-RX <\/strong>pour profiter instantan\u00e9ment de toutes les technologies prises en charge pour l&#8217;optimisation des performances et la r\u00e9duction de la latence sur des milliers de jeux que vous adorez. Profitez d&#8217;un <strong>upscaling de haute qualit\u00e9 et bas\u00e9 sur l&#8217;IA <\/strong>avec <strong>AMD FidelityFX Super Resolution 4<\/strong>, pour un gaming immersif aujourd&#8217;hui et pendant longtemps.&nbsp;<\/div>\n<div class=\"desc-image\"><span><img decoding=\"async\" alt=\"\" loading=\"lazy\" src=\"https:\/\/electrovideo.eu\/wp-content\/uploads\/2025\/09\/amd_radeon_rx_9000_0001.jpg\"><\/span><\/div>\n<\/section>\n<section>\n<div class=\"desc-image\"><span><img decoding=\"async\" alt=\"\" loading=\"lazy\" src=\"https:\/\/electrovideo.eu\/wp-content\/uploads\/2025\/09\/amd_radeon_rx_9000_0002.jpg\"><\/span><\/div>\n<div class=\"desc-text\">\n<h2>Des graphismes sublimes<\/h2>\n<p>Plongez au c\u0153ur de l&#8217;action en profitant des graphismes r\u00e9alistes qu&#8217;offre le <strong>raytracing de nouvelle g\u00e9n\u00e9ration<\/strong>. Jouez avec une clart\u00e9 parfaite en b\u00e9n\u00e9ficiant de l&#8217;<strong>upscaling de qualit\u00e9 sup\u00e9rieure<\/strong> et bas\u00e9 sur l&#8217;IA qu&#8217;offre AMD FidelityFX&nbsp;Super Resolution 4, ainsi que de la g\u00e9n\u00e9ration d&#8217;images avanc\u00e9e pour les jeux pris en charge. Exprimez votre talent en haute r\u00e9solution avec les nouvelles fonctionnalit\u00e9s multim\u00e9dias et de streaming fournies par la technologie AMD Radiance Display&nbsp;Engine.<\/p>\n<\/div>\n<\/section>\n<section>\n<div class=\"desc-text\">\n<h2>Performances instantan\u00e9es<\/h2>\n<p>\nBoostez encore davantage les performances instantan\u00e9es de la carte graphique AMD Radeon avec la puissance exceptionnelle d&#8217;<strong>AMD Software<\/strong>. Activez <strong>AMD HYPR-RX<\/strong> en un seul clic pour exploiter tout le potentiel de votre GPU Radeon, en tirant parti des avantages multiples des technologies <strong>AMD Radeon Super Resolution<\/strong>, <strong>AMD Fluid Motion Frames<\/strong>, <strong>AMD Radeon Anti-Lag<\/strong> et <strong>AMD Radeon Boost<\/strong>. Gr\u00e2ce \u00e0 des pilotes fiables et \u00e0 la prise en charge des jeux d\u00e8s leur sortie, les optimisations in-game vous offrent imm\u00e9diatement des taux de rafra\u00eechissement d&#8217;image \u00e9lev\u00e9s, des graphismes plus nets et une faible latence pour des exp\u00e9riences de jeu par milliers qui n&#8217;attendent que vous.<\/div>\n<div class=\"desc-image\"><span><img decoding=\"async\" alt=\"\" loading=\"lazy\" src=\"https:\/\/electrovideo.eu\/wp-content\/uploads\/2025\/09\/amd_radeon_rx_9000_0003.jpg\"><\/span><\/div>\n<\/section>\n<section>\n<div class=\"desc-image\"><span><img decoding=\"async\" alt=\"\" loading=\"lazy\" src=\"https:\/\/electrovideo.eu\/wp-content\/uploads\/2025\/09\/amd_radeon_rx_9000_0004.jpg\"><\/span><\/div>\n<div class=\"desc-text\">\n<h2>Pr\u00eat pour l&#8217;avenir<\/h2>\n<p>\nAMD Radeon vous offre tout ce dont vous avez besoin pour que votre syst\u00e8me reste rapide pendant des ann\u00e9es. En l&#8217;associant \u00e0 des processeurs AMD Ryzen S\u00e9rie 9000 qui prennent en charge PCI Express Gen 5, et en ajoutant la toute derni\u00e8re technologie AMD Smart Access Memory, vous pourrez exploiter toutes les performances de votre plateforme AM5. Exploitez \u00e0 la fois les technologies Radeon et Ryzen AI, et passez \u00e0 la nouvelle g\u00e9n\u00e9ration d&#8217;\u00e9crans avec la prise en charge de DisplayPort 2.1 et jusqu&#8217;\u00e0 16 Go de m\u00e9moire vid\u00e9o pour profiter des jeux AAA dans toute leur splendeur visuelle aujourd&#8217;hui et pour longtemps.<\/div>\n<\/section>\n<\/div><\/div>\n","protected":false},"excerpt":{"rendered":"<p>16 Go GDDR6 &#8211; HDMI\/Tri-DisplayPort &#8211; PCI Express (AMD Radeon RX 9070 XT)<\/p>\n","protected":false},"featured_media":204312,"comment_status":"open","ping_status":"closed","template":"","meta":{"_monsterinsights_skip_tracking":false,"_monsterinsights_sitenote_active":false,"_monsterinsights_sitenote_note":"","_monsterinsights_sitenote_category":0},"etheme_brands":[{"term_id":99,"name":"ASRock","slug":"asrock","term_group":0,"term_taxonomy_id":99,"taxonomy":"brand","description":"","parent":0,"count":16,"filter":"raw"}],"product_brand":[],"product_cat":[21],"product_tag":[],"class_list":{"0":"post-204310","1":"product","2":"type-product","3":"status-publish","4":"has-post-thumbnail","6":"brand-asrock","7":"product_cat-graphic-card","8":"pa_memory-type-gddr6","10":"first","11":"instock","12":"taxable","13":"shipping-taxable","14":"purchasable","15":"product-type-simple"},"_links":{"self":[{"href":"https:\/\/electrovideo.eu\/en\/wp-json\/wp\/v2\/product\/204310","targetHints":{"allow":["GET"]}}],"collection":[{"href":"https:\/\/electrovideo.eu\/en\/wp-json\/wp\/v2\/product"}],"about":[{"href":"https:\/\/electrovideo.eu\/en\/wp-json\/wp\/v2\/types\/product"}],"replies":[{"embeddable":true,"href":"https:\/\/electrovideo.eu\/en\/wp-json\/wp\/v2\/comments?post=204310"}],"version-history":[{"count":0,"href":"https:\/\/electrovideo.eu\/en\/wp-json\/wp\/v2\/product\/204310\/revisions"}],"wp:featuredmedia":[{"embeddable":true,"href":"https:\/\/electrovideo.eu\/en\/wp-json\/wp\/v2\/media\/204312"}],"wp:attachment":[{"href":"https:\/\/electrovideo.eu\/en\/wp-json\/wp\/v2\/media?parent=204310"}],"wp:term":[{"taxonomy":"brand","embeddable":true,"href":"https:\/\/electrovideo.eu\/en\/wp-json\/wp\/v2\/etheme_brands?post=204310"},{"taxonomy":"product_brand","embeddable":true,"href":"https:\/\/electrovideo.eu\/en\/wp-json\/wp\/v2\/product_brand?post=204310"},{"taxonomy":"product_cat","embeddable":true,"href":"https:\/\/electrovideo.eu\/en\/wp-json\/wp\/v2\/product_cat?post=204310"},{"taxonomy":"product_tag","embeddable":true,"href":"https:\/\/electrovideo.eu\/en\/wp-json\/wp\/v2\/product_tag?post=204310"}],"curies":[{"name":"wp","href":"https:\/\/api.w.org\/{rel}","templated":true}]}}