{"id":204229,"date":"2025-09-16T20:33:11","date_gmt":"2025-09-16T18:33:11","guid":{"rendered":"https:\/\/electrovideo.eu\/produit\/msi-geforce-rtx-5050-8g-ventus-2x-oc\/"},"modified":"2026-04-24T02:45:05","modified_gmt":"2026-04-24T00:45:05","slug":"msi-geforce-rtx-5050-8g-ventus-2x-oc","status":"publish","type":"product","link":"https:\/\/electrovideo.eu\/en\/product\/msi-geforce-rtx-5050-8g-ventus-2x-oc\/","title":{"rendered":"MSI GeForce RTX 5050 8G VENTUS 2X OC"},"content":{"rendered":"<div id=\"description\" class=\"description\">\n<div class=\"details-pdt-desc\">\n<h2 class=\"h2-master\">Acc\u00e9dez \u00e0 la puissance de l&#8217;architecture NVIDIA Blackwell<\/h2>\n<section>\n<p>La <strong>carte graphique MSI GeForce RTX 5050 8G VENTUS 2X OC&nbsp;<\/strong>met \u00e0 la port\u00e9e de tous les innovations nouvelle g\u00e9n\u00e9ration de l&#8217;<strong>architecture r\u00e9volutionnaire NVIDIA Blackwell<\/strong>. <strong>DLSS4<\/strong>, <strong>ray tracing mat\u00e9riel<\/strong> et <strong>IA <\/strong>vous permettent de jouer (ou cr\u00e9er) dans les meilleures conditions. La <strong>carte NVIDIA GeForce RTX 5050<\/strong> rend accessible les bonnes performances de jeu en Full HD.&nbsp;<\/p>\n<\/section>\n<section>\n<div class=\"desc-image\"><span><img decoding=\"async\" alt=\"\" loading=\"lazy\" src=\"https:\/\/electrovideo.eu\/wp-content\/uploads\/2025\/09\/msi_rtx_50_ventus_2x_0001.jpg\"><\/span><\/div>\n<div class=\"desc-text\">\n<div class=\"desc-text\">\n<div class=\"desc-text\">\n<h2>MSI GeForce RTX 5050 8G VENTUS 2X OC<\/h2>\n<ul>\n<li>Propuls\u00e9 par l\u2019architecture&nbsp;<strong>NVIDIA Blackwell&nbsp;<\/strong>et&nbsp;<strong>DLSS 4<\/strong><\/li>\n<li>Carte GeForce \u00ab Enthusiast \u00bb<strong>&nbsp;compatible SFF<\/strong>&nbsp;(Small Form Factor)<\/li>\n<li><strong>Ventilateur TORX Fan 5.0<\/strong>&nbsp;: les pales reli\u00e9es par des arcs circulaires stabilisent et maintiennent un flux d\u2019air \u00e0 haute pression<\/li>\n<li><strong>Caloducs&nbsp;<\/strong>: con\u00e7us pour un transfert de chaleur efficace, ils extraient l\u2019\u00e9nergie thermique du GPU pour am\u00e9liorer les performances de refroidissement<\/li>\n<li><strong>Plaque arri\u00e8re renforc\u00e9e<\/strong>&nbsp;: \u00e9quip\u00e9e d\u2019une grille d\u2019a\u00e9ration permettant \u00e0 l\u2019air chaud d\u2019\u00eatre \u00e9vacu\u00e9 directement<\/li>\n<li><strong>MSI Center<\/strong>&nbsp;: le logiciel exclusif vous permet de surveiller, ajuster et optimiser vos produits MSI en temps r\u00e9el<\/li>\n<li><strong>Afterburner&nbsp;<\/strong>: le logiciel d\u2019overclocking de cartes graphiques le plus reconnu et utilis\u00e9 au monde, vous offrant un contr\u00f4le total<\/li>\n<\/ul>\n<\/div>\n<\/div>\n<\/div>\n<\/section>\n<section>\n<div class=\"desc-text\">\n<h2>Architecture NVIDIA Blackwell<\/h2>\n<p>Aliment\u00e9s par l<strong>&#8216;architecture NVIDIA Blackwell<\/strong>, les <strong>GPU GeForce RTX&nbsp;s\u00e9rie 50<\/strong> fournissent des capacit\u00e9s r\u00e9volutionnaires aux joueurs et aux cr\u00e9ateurs. La puissance d&#8217;IA ph\u00e9nom\u00e9nale des mod\u00e8les de la<strong> s\u00e9rie RTX 50<\/strong> vous aident \u00e0 vivre des exp\u00e9riences in\u00e9dites avec une fid\u00e9lit\u00e9 graphique incomparable. Acc\u00e9l\u00e9rez les performances visuelles avec le <strong>NVIDIA DLSS 4<\/strong>, g\u00e9n\u00e9rez des images \u00e0 une vitesse sans pr\u00e9c\u00e9dent et exprimez toute votre cr\u00e9ativit\u00e9 avec <strong>NVIDIA Studio<\/strong>.<\/p>\n<p>&nbsp;<\/p>\n<p>\n&nbsp;<\/p>\n<\/div>\n<div class=\"desc-image\"><span><img decoding=\"async\" alt=\"\" loading=\"lazy\" src=\"https:\/\/electrovideo.eu\/wp-content\/uploads\/2025\/09\/nvidia_rtx_50_games_0002.jpg\"><\/span><\/div>\n<\/section>\n<section>\n<div class=\"desc-image\"><span><img decoding=\"async\" alt=\"\" loading=\"lazy\" src=\"https:\/\/electrovideo.eu\/wp-content\/uploads\/2025\/09\/nvidia_rtx_50_games_0001.jpg\"><\/span><\/div>\n<div class=\"desc-text\">\n<h2>jeux \u00e9poustouflants et puissance de l&#8217;IA<\/h2>\n<ul>\n<li>Graphismes et performances optimis\u00e9s par l\u2019IA :&nbsp;NVIDIA DLSS 4 avec g\u00e9n\u00e9ration multi-images&nbsp;&nbsp;<\/li>\n<li>R\u00e9activit\u00e9 d\u00e9cisive :&nbsp;NVIDIA Reflex 2 avec Frame Warp<\/li>\n<li>Rendu graphique r\u00e9aliste :&nbsp;Ray tracing int\u00e9gral avec rendu neuronal<\/li>\n<li>Acc\u00e9l\u00e9rez votre cr\u00e9ativit\u00e9 :&nbsp;Outils et technologie de cr\u00e9ation NVIDIA Studio<\/li>\n<li>Optimisez n\u2019importe quelle vid\u00e9o avec l\u2019IA NVIDIA Broadcast et Encodeur NVIDIA de 9e g\u00e9n\u00e9ration<\/li>\n<li>Performances et fiabilit\u00e9 :&nbsp;NVIDIA App avec pilotes Game Ready et Studio<\/li>\n<li>Technologies d&#8217;affichage ultimes pour le gaming :&nbsp;NVIDIA G-SYNC<\/li>\n<\/ul>\n<\/div>\n<\/section>\n<section>\n<div class=\"desc-text\">\n<h2>NVIDIA DLSS 4<\/h2>\n<p>Le DLSS est une suite r\u00e9volutionnaire de technologies de rendu neuronal qui exploite l\u2019IA pour acc\u00e9l\u00e9rer la fr\u00e9quence d&#8217;images, r\u00e9duire la latence et am\u00e9liorer la qualit\u00e9 visuelle. \u200cLe <strong>DLSS 4<\/strong>, qui constitue une avanc\u00e9e d\u00e9cisive, met \u00e0 profit la puissance ph\u00e9nom\u00e9nale des GPU GeForce RTX&nbsp;s\u00e9rie 50 et des <strong>c\u0153urs Tensor de 5e g\u00e9n\u00e9ration<\/strong> pour fournir une nouvelle fonctionnalit\u00e9 de g\u00e9n\u00e9ration multi-images, une reconstruction de rayons (Ray Reconstruction) et <strong>Super R\u00e9solution<\/strong> de qualit\u00e9 encore plus \u00e9lev\u00e9e. L&#8217;alliance du <strong>DLSS <\/strong>et de <strong>GeForce RTX<\/strong> vous offre la meilleure fa\u00e7on de jouer en vous donnant acc\u00e8s \u00e0 un v\u00e9ritable supercalculateur d&#8217;IA de NVIDIA dans le Cloud, qui am\u00e9liore constamment les capacit\u00e9s de votre PC en mati\u00e8re de gaming.&nbsp;<\/p>\n<\/div>\n<div class=\"desc-image\"><span><img decoding=\"async\" alt=\"\" loading=\"lazy\" src=\"https:\/\/electrovideo.eu\/wp-content\/uploads\/2025\/09\/nvidia_rtx_50_games_0003.jpg\"><\/span><\/div>\n<\/section>\n<section>\n<div class=\"desc-image\"><span><img decoding=\"async\" alt=\"\" loading=\"lazy\" src=\"https:\/\/electrovideo.eu\/wp-content\/uploads\/2025\/09\/nvidia_rtx_50_games_0005.jpg\"><\/span><\/div>\n<div class=\"desc-text\">\n<h2 style=\"text-align: left;\">NVIDIA Reflex 2<\/h2>\n<p>\nLes <strong>technologies Reflex<\/strong> optimisent le pipeline graphique pour une <strong>r\u00e9activit\u00e9 ultime<\/strong>, offrant une acquisition de cibles plus rapide, des temps de r\u00e9action plus rapides et une pr\u00e9cision de vis\u00e9e am\u00e9lior\u00e9e dans les jeux comp\u00e9titifs. <strong>Reflex 2<\/strong> introduit le <em>Frame Warp<\/em>, qui r\u00e9duit encore davantage la latence en fonction du dernier clic de souris.<\/p>\n<p>&nbsp;<\/p>\n<\/div>\n<\/section>\n<section>\n<div class=\"desc-text\">\n<h2>NVIDIA Studio<\/h2>\n<p><strong>NVIDIA Studio<\/strong> vous donne l\u2019avantage sur le plan cr\u00e9atif. Les GPU GeForce RTX s\u00e9rie 50 fournissent des performances transformatrices pour le<strong> rendu 3D<\/strong>, le <strong>montage vid\u00e9o<\/strong> et la <strong>conception graphique<\/strong>. Tirez parti des capacit\u00e9s d\u2019acc\u00e9l\u00e9ration et des nombreuses fonctionnalit\u00e9s de la plateforme RTX dans les principales applications de cr\u00e9ation du march\u00e9, des pilotes de pointe NVIDIA Studio constamment actualis\u00e9s pour vous garantir un maximum de stabilit\u00e9, mais aussi d\u2019une suite d\u2019outils exclusifs exploitant la puissance de RTX pour enrichir les workflows de cr\u00e9ation num\u00e9rique assist\u00e9s par l\u2019IA.<\/p>\n<\/div>\n<div class=\"desc-image\"><span><img decoding=\"async\" alt=\"\" loading=\"lazy\" src=\"https:\/\/electrovideo.eu\/wp-content\/uploads\/2025\/09\/nvidia_rtx_50_ia_0004.jpg\"><\/span><\/div>\n<\/section>\n<\/div><\/div>\n","protected":false},"excerpt":{"rendered":"<p>8 Go GDDR6 &#8211; HDMI\/Tri DisplayPort &#8211; DLSS 4 &#8211; PCI Express (NVIDIA GeForce RTX 5050)<\/p>\n","protected":false},"featured_media":204230,"comment_status":"open","ping_status":"closed","template":"","meta":{"_monsterinsights_skip_tracking":false,"_monsterinsights_sitenote_active":false,"_monsterinsights_sitenote_note":"","_monsterinsights_sitenote_category":0},"etheme_brands":[{"term_id":51,"name":"MSI","slug":"msi","term_group":0,"term_taxonomy_id":51,"taxonomy":"brand","description":"","parent":0,"count":137,"filter":"raw"}],"product_brand":[],"product_cat":[21],"product_tag":[],"class_list":{"0":"post-204229","1":"product","2":"type-product","3":"status-publish","4":"has-post-thumbnail","6":"brand-msi","7":"product_cat-graphic-card","8":"pa_memory-type-gddr6","10":"first","11":"instock","12":"taxable","13":"shipping-taxable","14":"purchasable","15":"product-type-simple"},"_links":{"self":[{"href":"https:\/\/electrovideo.eu\/en\/wp-json\/wp\/v2\/product\/204229","targetHints":{"allow":["GET"]}}],"collection":[{"href":"https:\/\/electrovideo.eu\/en\/wp-json\/wp\/v2\/product"}],"about":[{"href":"https:\/\/electrovideo.eu\/en\/wp-json\/wp\/v2\/types\/product"}],"replies":[{"embeddable":true,"href":"https:\/\/electrovideo.eu\/en\/wp-json\/wp\/v2\/comments?post=204229"}],"version-history":[{"count":0,"href":"https:\/\/electrovideo.eu\/en\/wp-json\/wp\/v2\/product\/204229\/revisions"}],"wp:featuredmedia":[{"embeddable":true,"href":"https:\/\/electrovideo.eu\/en\/wp-json\/wp\/v2\/media\/204230"}],"wp:attachment":[{"href":"https:\/\/electrovideo.eu\/en\/wp-json\/wp\/v2\/media?parent=204229"}],"wp:term":[{"taxonomy":"brand","embeddable":true,"href":"https:\/\/electrovideo.eu\/en\/wp-json\/wp\/v2\/etheme_brands?post=204229"},{"taxonomy":"product_brand","embeddable":true,"href":"https:\/\/electrovideo.eu\/en\/wp-json\/wp\/v2\/product_brand?post=204229"},{"taxonomy":"product_cat","embeddable":true,"href":"https:\/\/electrovideo.eu\/en\/wp-json\/wp\/v2\/product_cat?post=204229"},{"taxonomy":"product_tag","embeddable":true,"href":"https:\/\/electrovideo.eu\/en\/wp-json\/wp\/v2\/product_tag?post=204229"}],"curies":[{"name":"wp","href":"https:\/\/api.w.org\/{rel}","templated":true}]}}