{"id":203331,"date":"2025-09-15T20:40:15","date_gmt":"2025-09-15T18:40:15","guid":{"rendered":"https:\/\/electrovideo.eu\/produit\/amd-ryzen-threadripper-pro-7965wx-3-8-ghz-5-3-ghz\/"},"modified":"2026-04-24T08:33:51","modified_gmt":"2026-04-24T06:33:51","slug":"amd-ryzen-threadripper-pro-7965wx-3-8-ghz-5-3-ghz","status":"publish","type":"product","link":"https:\/\/electrovideo.eu\/en\/product\/amd-ryzen-threadripper-pro-7965wx-3-8-ghz-5-3-ghz\/","title":{"rendered":"AMD Ryzen Threadripper PRO 7965WX (3.8 GHz \/ 5.3 GHz)"},"content":{"rendered":"<div id=\"description\" class=\"description\">\n<div class=\"details-pdt-desc\">\n<h2 class=\"h2-master\">AMD Ryzen Threadripper PRO S\u00e9rie 7000<\/h2>\n<section>\n<p>Processeur haut de gamme hautes performances pour PC de bureau et Station de travail, l&#8217;<strong>AMD Ryzen Threadripper PRO 7965WX<\/strong> met le nombre de coeurs et de threads dont vous avez besoin au service de votre productivit\u00e9 et de votre cr\u00e9ativit\u00e9. Avec des fr\u00e9quentes ultra-\u00e9lev\u00e9es, un cache impressionnant et la prise en charge native de la DDR5, les <strong>processeurs AMD Ryzen Threadripper PRO S\u00e9ries 7000<\/strong> vous permettent de concevoir des PC ultrapuissants pour le jeu, la cr\u00e9ation de contenu, le d\u00e9veloppement, le multit\u00e2che ultra intensif, les it\u00e9rations, le rendu et la compilation.<\/p>\n<\/section>\n<section>\n<div class=\"desc-image\"><span><img decoding=\"async\" alt=\"\" loading=\"lazy\" src=\"https:\/\/media.electrovideo.eu\/bo\/images\/fiches\/Processeur\/AMD\/amd_threadripper_pro_7000_001.jpg\"><\/span><\/div>\n<div class=\"desc-text\">\n<h2>Toujours plus de puissance<\/h2>\n<p>Un processeur puissant est une aubaine pour les joueurs et utilisateurs ultra-exigeants \u00e0 la recherche de performances et d&#8217;efficacit\u00e9. Les&nbsp;processeurs <strong>AMD Ryzen Threadripper PRO 7000&nbsp;<\/strong>sont con\u00e7us pour satisfaire ces exigences. Ils sont ultrapuissants, disposent de tr\u00e8s nombreux coeurs et d&#8217;un cache tr\u00e8s \u00e9lev\u00e9. Et pour r\u00e9pondre \u00e0 la moindre sollicitation, la technologie&nbsp;AMD Precision Boost 2 poussera la fr\u00e9quence des c\u0153urs au maximum lorsque vous en aurez le plus besoin !<br \/>\n&nbsp;<\/p>\n<\/div>\n<\/section>\n<section>\n<div class=\"desc-text\">\n<h2>Jouez et Streamez en m\u00eame temps<\/h2>\n<p>Il existe maintenant un processeur suffisamment puissant pour streamer vos parties \u00e0 votre public sans perdre une image ; suffisamment robuste pour g\u00e9rer votre vision cr\u00e9ative en trois dimensions ; et suffisamment rapide pour compiler votre code pendant que vous jouez. Et bien s\u00fbr vous b\u00e9n\u00e9ficiez d&#8217;une puissance ph\u00e9nom\u00e9nale pour profiter du meilleur des derniers jeux et jouer dans les meilleures conditions.&nbsp;<\/p>\n<\/div>\n<div class=\"desc-image\"><span><img decoding=\"async\" alt=\"\" loading=\"lazy\" src=\"https:\/\/media.electrovideo.eu\/bo\/images\/fiches\/Processeur\/AMD\/amd_treadripper_7000_002.jpg\"><\/span><\/div>\n<\/section>\n<section>\n<div class=\"desc-image\"><span><img decoding=\"async\" alt=\"\" loading=\"lazy\" src=\"https:\/\/media.electrovideo.eu\/bo\/images\/fiches\/Processeur\/AMD\/threadripper\/amd_threadripper_3000_003.jpg\"><\/span><\/div>\n<div class=\"desc-text\">\n<h2>Concevez un PC Ultime<\/h2>\n<p>Associ\u00e9s \u00e0 la nouvelle <strong>plateforme pour PC de bureau WRX90<\/strong>, les <strong>processeurs AMD Ryzen&nbsp;Threadripper PRO 7000&nbsp;<\/strong>int\u00e8grent les toutes derni\u00e8res innovations en termes d&#8217;efficacit\u00e9 et d&#8217;\u00e9volutivit\u00e9, dont la connectivit\u00e9 de nouvelle g\u00e9n\u00e9ration PCIe&nbsp;5.0. La DDR5&nbsp;est \u00e9galement prise en charge et le nombre \u00e9lev\u00e9 de coeurs physiques et logiques disponibles garantit un multit\u00e2che fluide et ultra-performant, quoi que vous fassiez.<\/p>\n<p>Le montage, la cr\u00e9ation, le gaming intense, la mod\u00e9lisation et la conception n\u00e9cessitent un PC qui fonctionne plus vite et en silence. Gr\u00e2ce \u00e0 une innovation technologique uniquement disponible chez AMD, le c\u0153ur \u00ab&nbsp;Zen 4&nbsp;\u00bb 5&nbsp;nm, les processeurs AMD Ryzen&nbsp;Threadripper PRO 7000 sont pr\u00eats \u00e0 affronter toutes les t\u00e2ches.<\/p>\n<\/div>\n<\/section>\n<section>\n<h2>Caract\u00e9ristiques principales :<\/h2>\n<p>&nbsp;<\/p>\n<ul>\n<li>Fr\u00e9quences :&nbsp;<strong>3.8 GHz \/ 5.3 GHz<\/strong><\/li>\n<li><strong>24 coeurs<\/strong>&nbsp;\/ <strong>48 threads<\/strong><\/li>\n<li><strong>Cache 152 Mo Total<\/strong><\/li>\n<li>Socket <strong>sTR5<\/strong><\/li>\n<li>Contr\u00f4leur m\u00e9moire <strong>8-Channel DDR5<\/strong><\/li>\n<li>Enveloppe thermique maximale (TDP) : <strong>350W<\/strong><\/li>\n<\/ul>\n<\/section>\n<\/div>\n<\/div>\n","protected":false},"excerpt":{"rendered":"<p>Processeur 24-Core 48-Threads socket sTR5 Cache 152 Mo 5 nm TDP 350W (version bo\u00eete sans ventilateur- garantie constructeur 3 ans)<\/p>\n","protected":false},"featured_media":203332,"comment_status":"open","ping_status":"closed","template":"","meta":{"_monsterinsights_skip_tracking":false,"_monsterinsights_sitenote_active":false,"_monsterinsights_sitenote_note":"","_monsterinsights_sitenote_category":0},"etheme_brands":[{"term_id":52,"name":"AMD","slug":"amd","term_group":0,"term_taxonomy_id":52,"taxonomy":"brand","description":"","parent":0,"count":65,"filter":"raw"}],"product_brand":[],"product_cat":[226],"product_tag":[],"class_list":{"0":"post-203331","1":"product","2":"type-product","3":"status-publish","4":"has-post-thumbnail","6":"brand-amd","7":"product_cat-processors-cpu","9":"first","10":"instock","11":"taxable","12":"shipping-taxable","13":"purchasable","14":"product-type-simple"},"_links":{"self":[{"href":"https:\/\/electrovideo.eu\/en\/wp-json\/wp\/v2\/product\/203331","targetHints":{"allow":["GET"]}}],"collection":[{"href":"https:\/\/electrovideo.eu\/en\/wp-json\/wp\/v2\/product"}],"about":[{"href":"https:\/\/electrovideo.eu\/en\/wp-json\/wp\/v2\/types\/product"}],"replies":[{"embeddable":true,"href":"https:\/\/electrovideo.eu\/en\/wp-json\/wp\/v2\/comments?post=203331"}],"version-history":[{"count":0,"href":"https:\/\/electrovideo.eu\/en\/wp-json\/wp\/v2\/product\/203331\/revisions"}],"wp:featuredmedia":[{"embeddable":true,"href":"https:\/\/electrovideo.eu\/en\/wp-json\/wp\/v2\/media\/203332"}],"wp:attachment":[{"href":"https:\/\/electrovideo.eu\/en\/wp-json\/wp\/v2\/media?parent=203331"}],"wp:term":[{"taxonomy":"brand","embeddable":true,"href":"https:\/\/electrovideo.eu\/en\/wp-json\/wp\/v2\/etheme_brands?post=203331"},{"taxonomy":"product_brand","embeddable":true,"href":"https:\/\/electrovideo.eu\/en\/wp-json\/wp\/v2\/product_brand?post=203331"},{"taxonomy":"product_cat","embeddable":true,"href":"https:\/\/electrovideo.eu\/en\/wp-json\/wp\/v2\/product_cat?post=203331"},{"taxonomy":"product_tag","embeddable":true,"href":"https:\/\/electrovideo.eu\/en\/wp-json\/wp\/v2\/product_tag?post=203331"}],"curies":[{"name":"wp","href":"https:\/\/api.w.org\/{rel}","templated":true}]}}