{"id":203309,"date":"2025-09-15T20:45:51","date_gmt":"2025-09-15T18:45:51","guid":{"rendered":"https:\/\/electrovideo.eu\/produit\/amd-ryzen-7-8700f-wraith-stealth-4-1-ghz-5-0-ghz\/"},"modified":"2026-04-24T08:34:26","modified_gmt":"2026-04-24T06:34:26","slug":"amd-ryzen-7-8700f-wraith-stealth-4-1-ghz-5-0-ghz","status":"publish","type":"product","link":"https:\/\/electrovideo.eu\/en\/product\/amd-ryzen-7-8700f-wraith-stealth-4-1-ghz-5-0-ghz\/","title":{"rendered":"AMD Ryzen 7 8700F Wraith Stealth (4.1 GHz \/ 5.0 GHz)"},"content":{"rendered":"<div id=\"description\" class=\"description\">\n<div class=\"details-pdt-desc\">\n<h2 class=\"h2-master\">De la puissance et de l&#8217;IA pour jouer et bien plus encore<\/h2>\n<section>\n<p>Le <strong>processeur pour PC de bureau AMD Ryzen 7 8700F <\/strong>offre aux gamers la possibilit\u00e9 de jouer dans les meilleures conditions \u00e0 prix attractif. Avec des fr\u00e9quences \u00e9lev\u00e9es, du cache en quantit\u00e9 et un TDP mod\u00e9r\u00e9, les processeurs <strong>AMD Ryzen 8000F<\/strong> sont une aubaine pour les joueurs \u00e0 la recherche de puissance brute et d&#8217;efficacit\u00e9 \u00e9nerg\u00e9tique. Boost\u00e9 par le <strong>moteur d&#8217;intelligence artificielle AMD Ryzen AI<\/strong>, le <strong>processeur AMD Ryzen 7 8700F<\/strong>&nbsp;d\u00e9livre de hautes performances pour une exp\u00e9rience gaming riche et immersive. En outre, les processeurs <strong>AMD Ryzen<\/strong> vous aident \u00e0 tout faire plus vite et vous permettent d&#8217;atteindre une productivit\u00e9 de niveau professionnel dans toutes les t\u00e2ches.<\/p>\n<\/section>\n<section>\n<div class=\"desc-image\"><span><img decoding=\"async\" alt=\"\" loading=\"lazy\" src=\"https:\/\/media.electrovideo.eu\/bo\/images\/fiches\/Processeur\/AMD\/amd_ryzen_8000f_001.jpg\"><\/span><\/div>\n<div class=\"desc-text\">\n<h2>A vous de jouer<\/h2>\n<p>Le <strong>processeur pour PC de bureau AMD Ryzen 7 8700F&nbsp;&nbsp;<\/strong>propose <strong>8 coeurs natifs<\/strong> et <strong>16 coeurs logiques<\/strong> pour un traitement multit\u00e2che agr\u00e9ablement fluide. Gr\u00e2ce \u00e0 sa <strong>fr\u00e9quence native \u00e9lev\u00e9e<\/strong> et \u00e0 son mode <strong><em>Turbo Core<\/em><\/strong> ajustant la puissance en fonction des besoins, le <strong>CPU AMD Ryzen Zen 4 de nouvelle g\u00e9n\u00e9ration<\/strong> d\u00e9livre des performances exceptionnelles dans tous les domaines : Jeux vid\u00e9o, multit\u00e2che intensif, \u00e9dition vid\u00e9o, mod\u00e9lisation 3D et bien plus encore. Il est en outre dot\u00e9 du<strong> moteur d&#8217;intelligence artificielle r\u00e9volutionnaire AMD Ryzen AI <\/strong>avec des performances<strong> jusqu&#8217;\u00e0 16 TOPS<\/strong>.<\/p>\n<\/div>\n<\/section>\n<section>\n<div class=\"desc-text\">\n<h2>L&#8217;avenir vous appartient<\/h2>\n<p>La toute derni\u00e8re plateforme bureautique AMD est dot\u00e9e de technologies de pointe, notamment une m\u00e9moire DDR5 haute vitesse, la prise en charge PCIe 5.0 et l&#8217;overclocking de m\u00e9moire en une touche d&#8217;AMD EXPO. Si votre PC a besoin des toutes derni\u00e8res et meilleures fonctionnalit\u00e9s aujourd&#8217;hui et \u00e0 l&#8217;avenir, optez pour les processeurs AMD Ryzen.<\/p>\n<\/div>\n<div class=\"desc-image\"><span><img decoding=\"async\" alt=\"\" loading=\"lazy\" src=\"https:\/\/media.electrovideo.eu\/bo\/images\/fiches\/Processeur\/AMD\/amd_ryzen_8000f_003.jpg\"><\/span><\/div>\n<\/section>\n<\/div>\n<\/div>\n","protected":false},"excerpt":{"rendered":"<p>Processeur 8-Core 16-Threads socket AM5 Cache 24 Mo + AMD Ryzen AI 4 nm TDP 65W (version bo\u00eete avec ventilateur &#8211; garantie constructeur 3 ans)<\/p>\n","protected":false},"featured_media":203310,"comment_status":"open","ping_status":"closed","template":"","meta":{"_monsterinsights_skip_tracking":false,"_monsterinsights_sitenote_active":false,"_monsterinsights_sitenote_note":"","_monsterinsights_sitenote_category":0},"etheme_brands":[{"term_id":52,"name":"AMD","slug":"amd","term_group":0,"term_taxonomy_id":52,"taxonomy":"brand","description":"","parent":0,"count":65,"filter":"raw"}],"product_brand":[],"product_cat":[226],"product_tag":[],"class_list":{"0":"post-203309","1":"product","2":"type-product","3":"status-publish","4":"has-post-thumbnail","6":"brand-amd","7":"product_cat-processors-cpu","9":"first","10":"instock","11":"sale","12":"taxable","13":"shipping-taxable","14":"purchasable","15":"product-type-simple"},"_links":{"self":[{"href":"https:\/\/electrovideo.eu\/en\/wp-json\/wp\/v2\/product\/203309","targetHints":{"allow":["GET"]}}],"collection":[{"href":"https:\/\/electrovideo.eu\/en\/wp-json\/wp\/v2\/product"}],"about":[{"href":"https:\/\/electrovideo.eu\/en\/wp-json\/wp\/v2\/types\/product"}],"replies":[{"embeddable":true,"href":"https:\/\/electrovideo.eu\/en\/wp-json\/wp\/v2\/comments?post=203309"}],"version-history":[{"count":0,"href":"https:\/\/electrovideo.eu\/en\/wp-json\/wp\/v2\/product\/203309\/revisions"}],"wp:featuredmedia":[{"embeddable":true,"href":"https:\/\/electrovideo.eu\/en\/wp-json\/wp\/v2\/media\/203310"}],"wp:attachment":[{"href":"https:\/\/electrovideo.eu\/en\/wp-json\/wp\/v2\/media?parent=203309"}],"wp:term":[{"taxonomy":"brand","embeddable":true,"href":"https:\/\/electrovideo.eu\/en\/wp-json\/wp\/v2\/etheme_brands?post=203309"},{"taxonomy":"product_brand","embeddable":true,"href":"https:\/\/electrovideo.eu\/en\/wp-json\/wp\/v2\/product_brand?post=203309"},{"taxonomy":"product_cat","embeddable":true,"href":"https:\/\/electrovideo.eu\/en\/wp-json\/wp\/v2\/product_cat?post=203309"},{"taxonomy":"product_tag","embeddable":true,"href":"https:\/\/electrovideo.eu\/en\/wp-json\/wp\/v2\/product_tag?post=203309"}],"curies":[{"name":"wp","href":"https:\/\/api.w.org\/{rel}","templated":true}]}}