{"id":203305,"date":"2025-09-15T20:46:19","date_gmt":"2025-09-15T18:46:19","guid":{"rendered":"https:\/\/electrovideo.eu\/produit\/amd-ryzen-threadripper-pro-9995wx-2-5-ghz-5-4-ghz\/"},"modified":"2025-09-15T20:46:19","modified_gmt":"2025-09-15T18:46:19","slug":"amd-ryzen-threadripper-pro-9995wx-2-5-ghz-5-4-ghz","status":"publish","type":"product","link":"https:\/\/electrovideo.eu\/en\/product\/amd-ryzen-threadripper-pro-9995wx-2-5-ghz-5-4-ghz\/","title":{"rendered":"AMD Ryzen Threadripper PRO 9995WX (2.5 GHz \/ 5.4 GHz)"},"content":{"rendered":"<div id=\"description\" class=\"description\">\n<div class=\"details-pdt-desc\">\n<h2 class=\"h2-master\">AMD Ryzen Threadripper PRO S\u00e9rie 9000<\/h2>\n<section>\n<p>L&#8217;<strong>AMD Ryzen Threadripper PRO 9995WX<\/strong> est con\u00e7u pour faire tourner les programmes les plus exigeants. Pour cr\u00e9er, concevoir, d\u00e9velopper, animer ou jouer, il offre une puissance hors-norme adapt\u00e9e au multit\u00e2che intensif, au calcul haute performance, au Jeu Vid\u00e9o, \u00e0 la conception ou encore \u00e0 la Mod\u00e9lisation 3D.&nbsp;C&#8217;est un processeur haut de gamme hautes performances id\u00e9al pour les applications n\u00e9cessitant une puissance de calcul ph\u00e9nom\u00e9nale.<\/p>\n<\/section>\n<section>\n<div class=\"desc-image\"><span><img decoding=\"async\" alt=\"\" loading=\"lazy\" src=\"https:\/\/media.electrovideo.eu\/bo\/images\/fiches\/Processeur\/AMD\/amd_threadripper_pro_9000_0001.jpg\"><\/span><\/div>\n<div class=\"desc-text\">\n<h2>Puissance brute pour charges extr\u00eames<\/h2>\n<p>Les <strong>Threadripper PRO 9000<\/strong> incarnent ce qui se fait de mieux en mati\u00e8re de&nbsp;processeurs hautes performances gr\u00e2ce \u00e0 l&#8217;<strong>architecture Zen 5<\/strong>. Cette puissance colossale, combin\u00e9e \u00e0 <strong>un cache ph\u00e9nom\u00e9nal<\/strong>, permet de traiter sans effort les projets les plus complexes : rendu 3D, simulation physique, compilation massive ou calcul scientifique.<\/p>\n<p>Avec une <strong>fr\u00e9quence pouvant atteindre plus de 5.0&nbsp;GHz<\/strong> et le support de l\u2019<strong>AVX-512<\/strong>, il assure une ex\u00e9cution ultrarapide des instructions, m\u00eame les plus lourdes. Ce processeur est un choix strat\u00e9gique pour acc\u00e9l\u00e9rer tous vos flux de travail professionnels, tout en conservant une parfaite stabilit\u00e9 et une efficacit\u00e9 \u00e9nerg\u00e9tique de pointe.<\/p>\n<\/div>\n<\/section>\n<section>\n<div class=\"desc-text\">\n<h2>Une plateforme pens\u00e9e pour les cr\u00e9ateurs<\/h2>\n<p>Optimis\u00e9 pour les applications professionnelles, ce processeur excelle dans les logiciels tels que <strong>Autodesk Maya, V-Ray, Keyshot ou Revit<\/strong>, avec des gains de performance pouvant d\u00e9passer <strong>+120%<\/strong> selon les charges (suivants les mod\u00e8les). Le support de la <strong>m\u00e9moire DDR5-6400 ECC 8 canaux<\/strong> garantit une bande passante massive et une grande stabilit\u00e9, indispensable pour les projets lourds ou collaboratifs.<\/p>\n<p>Gr\u00e2ce \u00e0 son grand nombre de&nbsp;<strong>lignes PCIe 5.0<\/strong>, il offre une connectivit\u00e9 extr\u00eame pour cartes graphiques multiples et&nbsp;SSD NVMe \u00e0 tr\u00e8s haut d\u00e9bit. C\u2019est la base id\u00e9ale pour une station de travail multit\u00e2che et ultra-\u00e9volutive, capable de r\u00e9pondre aux d\u00e9fis d\u2019aujourd\u2019hui et de demain.<\/p>\n<\/div>\n<div class=\"desc-image\"><span><img decoding=\"async\" alt=\"\" loading=\"lazy\" src=\"https:\/\/media.electrovideo.eu\/bo\/images\/fiches\/Processeur\/AMD\/amd_-threadripper-9000-series_0002.jpg\"><\/span><\/div>\n<\/section>\n<section>\n<div class=\"desc-image\"><span><img decoding=\"async\" alt=\"\" loading=\"lazy\" src=\"https:\/\/media.electrovideo.eu\/bo\/images\/fiches\/Processeur\/AMD\/amd_-threadripper-9000-series_0003.jpg\"><\/span><\/div>\n<div class=\"desc-text\">\n<h2>Un moteur d\u2019innovation pour les pros<\/h2>\n<p>Le <strong>Threadripper PRO<\/strong> transforme les environnements de travail cr\u00e9atifs gr\u00e2ce \u00e0 son potentiel multit\u00e2che hors norme et son efficacit\u00e9 dans les t\u00e2ches bas\u00e9es sur l\u2019intelligence artificielle. Id\u00e9al pour l\u2019<strong>inf\u00e9rence de mod\u00e8les LLM<\/strong>, la compilation de projets complexes (Unreal Engine, Chromium) ou encore le calcul intensif avec Matlab, il s\u2019impose comme un alli\u00e9 technologique incontournable.<\/p>\n<p>Il donne aux professionnels les moyens de concr\u00e9tiser leurs id\u00e9es sans compromis ni ralentissement. Une solution hautement fiable, taill\u00e9e pour accompagner les studios de cr\u00e9ation, bureaux d\u2019\u00e9tudes ou laboratoires dans toutes leurs ambitions de performance et d\u2019innovation.<\/p>\n<\/div>\n<\/section>\n<\/div>\n<\/div>\n","protected":false},"excerpt":{"rendered":"<p>Processeur 96-Core 192-Threads socket sTR5 Cache 482 Mo 4 nm TDP 350W (version bo\u00eete sans ventilateur- garantie constructeur 3 ans)<\/p>\n","protected":false},"featured_media":203306,"comment_status":"open","ping_status":"closed","template":"","meta":{"_monsterinsights_skip_tracking":false,"_monsterinsights_sitenote_active":false,"_monsterinsights_sitenote_note":"","_monsterinsights_sitenote_category":0},"etheme_brands":[{"term_id":52,"name":"AMD","slug":"amd","term_group":0,"term_taxonomy_id":52,"taxonomy":"brand","description":"","parent":0,"count":65,"filter":"raw"}],"product_brand":[],"product_cat":[226],"product_tag":[],"class_list":{"0":"post-203305","1":"product","2":"type-product","3":"status-publish","4":"has-post-thumbnail","6":"brand-amd","7":"product_cat-processors-cpu","9":"first","10":"instock","11":"taxable","12":"shipping-taxable","13":"purchasable","14":"product-type-simple"},"_links":{"self":[{"href":"https:\/\/electrovideo.eu\/en\/wp-json\/wp\/v2\/product\/203305","targetHints":{"allow":["GET"]}}],"collection":[{"href":"https:\/\/electrovideo.eu\/en\/wp-json\/wp\/v2\/product"}],"about":[{"href":"https:\/\/electrovideo.eu\/en\/wp-json\/wp\/v2\/types\/product"}],"replies":[{"embeddable":true,"href":"https:\/\/electrovideo.eu\/en\/wp-json\/wp\/v2\/comments?post=203305"}],"version-history":[{"count":0,"href":"https:\/\/electrovideo.eu\/en\/wp-json\/wp\/v2\/product\/203305\/revisions"}],"wp:featuredmedia":[{"embeddable":true,"href":"https:\/\/electrovideo.eu\/en\/wp-json\/wp\/v2\/media\/203306"}],"wp:attachment":[{"href":"https:\/\/electrovideo.eu\/en\/wp-json\/wp\/v2\/media?parent=203305"}],"wp:term":[{"taxonomy":"brand","embeddable":true,"href":"https:\/\/electrovideo.eu\/en\/wp-json\/wp\/v2\/etheme_brands?post=203305"},{"taxonomy":"product_brand","embeddable":true,"href":"https:\/\/electrovideo.eu\/en\/wp-json\/wp\/v2\/product_brand?post=203305"},{"taxonomy":"product_cat","embeddable":true,"href":"https:\/\/electrovideo.eu\/en\/wp-json\/wp\/v2\/product_cat?post=203305"},{"taxonomy":"product_tag","embeddable":true,"href":"https:\/\/electrovideo.eu\/en\/wp-json\/wp\/v2\/product_tag?post=203305"}],"curies":[{"name":"wp","href":"https:\/\/api.w.org\/{rel}","templated":true}]}}