{"id":203284,"date":"2025-09-15T20:48:12","date_gmt":"2025-09-15T18:48:12","guid":{"rendered":"https:\/\/electrovideo.eu\/produit\/intel-core-i9-12900k-3-2-ghz-5-2-ghz\/"},"modified":"2026-04-24T08:34:57","modified_gmt":"2026-04-24T06:34:57","slug":"intel-core-i9-12900k-3-2-ghz-5-2-ghz","status":"publish","type":"product","link":"https:\/\/electrovideo.eu\/en\/product\/intel-core-i9-12900k-3-2-ghz-5-2-ghz\/","title":{"rendered":"Intel Core i9-12900K (3.2 GHz \/ 5.2 GHz)"},"content":{"rendered":"<div id=\"description\" class=\"description\">\n<div class=\"details-pdt-desc\">\n<h2 class=\"h2-master\">Nouvelle architecture hybride pour des performances optimales<\/h2>\n<section>\n<p>Avec les <strong>processeurs Alder Lake<\/strong>, <strong>Intel <\/strong>signe une petite r\u00e9volution dans le monde de l&#8217;architecture x86 en adoptant une <strong>technologie hybride bas\u00e9e sur 2 types de coeurs diff\u00e9rents assembl\u00e9s au sein d&#8217;une m\u00eame puce<\/strong> : Les <strong>Performances-Cores <\/strong>et les <strong>Efficient-Cores<\/strong>. Avec plus de coeurs et plus de puissance, les<strong> processeurs Intel de 12\u00e8me g\u00e9n\u00e9ration<\/strong> sont pr\u00eats pour les jeux nouvelle g\u00e9n\u00e9ration, les cartes graphiques<strong> PCI-Express 5.0 <\/strong>ou encore la<strong> RAM DDR5<\/strong>.&nbsp;<\/p>\n<\/section>\n<section>\n<div class=\"desc-image\"><span><img decoding=\"async\" alt=\"\" loading=\"lazy\" src=\"https:\/\/media.electrovideo.eu\/bo\/images\/fiches\/Processeur\/Intel\/alder-lake\/intel_alder-lake_core-i9_003.jpg\"><\/span><\/div>\n<div class=\"desc-text\">\n<h2>Intel Core i9-12900K 16-Core (8P+8E)&nbsp;<\/h2>\n<ul>\n<li>Processeur <strong>16 Cores<\/strong> \/ 24 Threads<\/li>\n<li><strong>8 Performance-Cores<\/strong> (3.2&nbsp;GHz &#8211; 5.2&nbsp;GHz) + 8 Efficient-Cores (2.4&nbsp;GHz &#8211; 3.9&nbsp;GHz)<\/li>\n<li>Cache <strong>L3 30 Mo<\/strong> + Cache L2 14&nbsp;Mo<\/li>\n<li><strong>Unlocked <\/strong>(co\u00e9fficient multiplicateur d\u00e9bloqu\u00e9 pour l&#8217;overclocking)<\/li>\n<li>IGP : Intel UHD Graphics 770<\/li>\n<li>Contr\u00f4leur m\u00e9moire : DDR4 \/ <strong>DDR5<\/strong><\/li>\n<li>Compatible <strong>PCI-E 5.0<\/strong><\/li>\n<li>TDP&nbsp;: 125W<\/li>\n<li>TDP max. (Turbo Power) : 241W<\/li>\n<\/ul>\n<\/div>\n<\/section>\n<section>\n<div class=\"desc-text\">\n<h2>Des coeurs \u00e0 l&#8217;ouvrage<\/h2>\n<p>La <strong>nouvelle architecture hybride hautes performances <\/strong>d&#8217;Intel int\u00e8gre <strong>deux familles de coeurs sur un m\u00eame processeur<\/strong> pour une exp\u00e9rience de jeu encore plus fluide. <strong>Intel Thread Director<\/strong> hi\u00e9rarchise et g\u00e8re les charges de travail en d\u00e9terminant le coeur le plus adapt\u00e9 \u00e0 chaque t\u00e2che. Les <strong>coeurs Performances<\/strong> sont con\u00e7us pour les charges de travail uniques et \u00e0 faible nombre de threads, am\u00e9liorant ainsi les activit\u00e9s comme le jeu vid\u00e9o ou les t\u00e2ches de productivit\u00e9. Les<strong> coeurs Efficiences<\/strong> sont quant \u00e0 eux optimis\u00e9s pour le multithread en r\u00e9duisant les interruptions li\u00e9es aux t\u00e2ches secondaires.&nbsp;<\/p>\n<\/div>\n<div class=\"desc-image\"><span><img decoding=\"async\" alt=\"\" loading=\"lazy\" src=\"https:\/\/media.electrovideo.eu\/bo\/images\/fiches\/Processeur\/Intel\/alder-lake\/intel_alder-lake_core-i5_002.jpg\"><\/span><\/div>\n<\/section>\n<section>\n<div class=\"desc-image\"><span><img decoding=\"async\" alt=\"\" loading=\"lazy\" src=\"https:\/\/media.electrovideo.eu\/bo\/images\/fiches\/Processeur\/Intel\/alder-lake\/intel_alder-lake_core-i5_001.jpg\"><\/span><\/div>\n<div class=\"desc-text\">\n<h2>Atteignez des sommets<\/h2>\n<p>Gr\u00e2ce \u00e0 des fr\u00e9quences \u00e9lev\u00e9es, atteignez de hautes performances dans les jeux. Affrontez vos adversaires en toute confiance ou explorez de nouveaux univers gr\u00e2ce \u00e0 une architecture de processeur r\u00e9volutionnaire qui se concentre sur l&#8217;essentiel. Les processeurs Intel de 12\u00e8me g\u00e9n\u00e9ration sont tout simplement con\u00e7us pour la nouvelle g\u00e9n\u00e9ration de jeux vid\u00e9o.&nbsp;<\/p>\n<\/div>\n<\/section>\n<\/div>\n<\/div>\n","protected":false},"excerpt":{"rendered":"<p>Processeur 16-Core (8 Performance-Cores + 8 Efficient-Cores) 24-Threads Socket 1700 Cache L3 30 Mo Intel UHD Graphics 770 0.010 micron (version bo\u00eete sans ventilateur &#8211; garantie Intel 3 ans)<\/p>\n","protected":false},"featured_media":203285,"comment_status":"open","ping_status":"closed","template":"","meta":{"_monsterinsights_skip_tracking":false,"_monsterinsights_sitenote_active":false,"_monsterinsights_sitenote_note":"","_monsterinsights_sitenote_category":0},"etheme_brands":[{"term_id":42,"name":"INTEL","slug":"intel","term_group":0,"term_taxonomy_id":42,"taxonomy":"brand","description":"","parent":0,"count":52,"filter":"raw"}],"product_brand":[],"product_cat":[226],"product_tag":[],"class_list":{"0":"post-203284","1":"product","2":"type-product","3":"status-publish","4":"has-post-thumbnail","6":"brand-intel","7":"product_cat-processors-cpu","9":"first","10":"instock","11":"taxable","12":"shipping-taxable","13":"purchasable","14":"product-type-simple"},"_links":{"self":[{"href":"https:\/\/electrovideo.eu\/en\/wp-json\/wp\/v2\/product\/203284","targetHints":{"allow":["GET"]}}],"collection":[{"href":"https:\/\/electrovideo.eu\/en\/wp-json\/wp\/v2\/product"}],"about":[{"href":"https:\/\/electrovideo.eu\/en\/wp-json\/wp\/v2\/types\/product"}],"replies":[{"embeddable":true,"href":"https:\/\/electrovideo.eu\/en\/wp-json\/wp\/v2\/comments?post=203284"}],"version-history":[{"count":0,"href":"https:\/\/electrovideo.eu\/en\/wp-json\/wp\/v2\/product\/203284\/revisions"}],"wp:featuredmedia":[{"embeddable":true,"href":"https:\/\/electrovideo.eu\/en\/wp-json\/wp\/v2\/media\/203285"}],"wp:attachment":[{"href":"https:\/\/electrovideo.eu\/en\/wp-json\/wp\/v2\/media?parent=203284"}],"wp:term":[{"taxonomy":"brand","embeddable":true,"href":"https:\/\/electrovideo.eu\/en\/wp-json\/wp\/v2\/etheme_brands?post=203284"},{"taxonomy":"product_brand","embeddable":true,"href":"https:\/\/electrovideo.eu\/en\/wp-json\/wp\/v2\/product_brand?post=203284"},{"taxonomy":"product_cat","embeddable":true,"href":"https:\/\/electrovideo.eu\/en\/wp-json\/wp\/v2\/product_cat?post=203284"},{"taxonomy":"product_tag","embeddable":true,"href":"https:\/\/electrovideo.eu\/en\/wp-json\/wp\/v2\/product_tag?post=203284"}],"curies":[{"name":"wp","href":"https:\/\/api.w.org\/{rel}","templated":true}]}}