{"id":203272,"date":"2025-09-15T20:49:11","date_gmt":"2025-09-15T18:49:11","guid":{"rendered":"https:\/\/electrovideo.eu\/produit\/intel-core-i7-13700f-2-1-ghz-5-2-ghz\/"},"modified":"2026-04-24T08:35:05","modified_gmt":"2026-04-24T06:35:05","slug":"intel-core-i7-13700f-2-1-ghz-5-2-ghz","status":"publish","type":"product","link":"https:\/\/electrovideo.eu\/en\/product\/intel-core-i7-13700f-2-1-ghz-5-2-ghz\/","title":{"rendered":"Intel Core i7-13700F (2.1 GHz \/ 5.2 GHz)"},"content":{"rendered":"<div id=\"description\" class=\"description\">\n<div class=\"details-pdt-desc\">\n<h2 class=\"h2-master\">Architecture hybride pour performances hors norme<\/h2>\n<section>En offrant encore plus de puissance pour les programmes exigeants et les jeux et plus de c\u0153urs pour les t\u00e2ches de fond, les<strong> processeurs Intel Core de 13\u00e8me g\u00e9n\u00e9ration<\/strong> vous permettent de faire encore plus de choses et encore plus rapidement. Jeux, multit\u00e2che intensif, cr\u00e9ation de contenu ou streaming, les <strong>processeurs Intel Raptor Lake <\/strong>sont la solution id\u00e9ale pour aller au-del\u00e0 de ce que vous pouviez imaginer en mati\u00e8re de puissance et de performance. Des jeux fluides, un PC qui ne ralentit pas, des t\u00e2ches multiples et simultan\u00e9es, tout cela est possible avec un processeur<strong> Intel Core de 13\u00e8me g\u00e9n\u00e9ration<\/strong>.<\/p>\n<\/section>\n<section>\n<div class=\"desc-image\"><img decoding=\"async\" src=\"https:\/\/media.electrovideo.eu\/bo\/images\/fiches\/Processeur\/Intel\/intel_raptor_lake_001.jpg\" alt=\"\" \/><\/div>\n<div class=\"desc-text\">\n<h2>Intel Core i7-13700F 16-Core (8P+8E)<\/h2>\n<ul>\n<li>Processeur <strong>16 Cores<\/strong> \/ 24 Threads<\/li>\n<li><strong>8 Performance-Cores<\/strong> (2.1\u00a0GHz &#8211; 5.2\u00a0GHz) + 8\u00a0Efficient-Cores (1.5\u00a0GHz &#8211; 4.1 GHz)<\/li>\n<li>Cache <strong>L3 30 Mo<\/strong> + Cache L2 24 Mo<\/li>\n<li>IGP : Aucun<\/li>\n<li>Contr\u00f4leur m\u00e9moire : DDR4 \/ <strong>DDR5<\/strong><\/li>\n<li>Compatible <strong>PCI-E 5.0<\/strong><\/li>\n<li>TDP\u00a0: 65W<\/li>\n<li>TDP max. (Turbo Power) : 219W<\/li>\n<li><strong>Ventilateur Intel Laminar RM1 inclus<\/strong><\/li>\n<\/ul>\n<\/div>\n<\/section>\n<section>\n<div class=\"desc-text\">\n<h2>Des coeurs \u00e0 l&#8217;ouvrage<\/h2>\n<p>Con\u00e7u pour r\u00e9pondre aux besoins des gamers d&#8217;aujourd&#8217;hui. La derni\u00e8re version de la puissante architecture hybride d&#8217;Intel est id\u00e9ale pour sublimer votre exp\u00e9rience de jeu. Les <strong>Performance-cores<\/strong> lib\u00e8rent leur talent pour obtenir le meilleur des derniers jeux et logiciels de gaming. Les <strong>Efficient-cores<\/strong> vous permettent de travailler, de jouer en solo et, plus important, avec d\u2019autres. Enfin, <strong>Intel Thread Director<\/strong> vous permet de profiter d\u2019une fluidit\u00e9 de jeu au top et d&#8217;assurer que votre PC ne ralentit pas, m\u00eame s\u2019il ex\u00e9cute des t\u00e2ches de fond.<\/p>\n<\/div>\n<div class=\"desc-image\"><img decoding=\"async\" src=\"https:\/\/media.electrovideo.eu\/bo\/images\/fiches\/Processeur\/Intel\/intel_raptor_lake_002.jpg\" alt=\"\" \/><\/div>\n<\/section>\n<section>\n<div class=\"desc-image\"><img decoding=\"async\" src=\"https:\/\/media.electrovideo.eu\/bo\/images\/fiches\/Processeur\/Intel\/intel_raptor_lake_003.jpg\" alt=\"\" \/><\/div>\n<div class=\"desc-text\">\n<h2>Toujours plus haut<\/h2>\n<p>Les processeurs Intel Core de 13\u1d49\u00a0g\u00e9n\u00e9ration pour PC de bureau offrent la plateforme la plus compl\u00e8te pour utiliser les technologies de gaming que vous voulez. La prise en charge de la DDR4 et de la DDR5 vous offre le choix de la configuration de la m\u00e9moire. La prise en charge de la technologie Thunderbolt 4 offre un moyen simple et rapide de connecter des p\u00e9riph\u00e9riques.<\/p>\n<\/div>\n<\/section>\n<\/div>\n<\/div>\n","protected":false},"excerpt":{"rendered":"<p>Processeur 16-Core (8 Performance-Cores + 8 Efficient-Cores) 24-Threads Socket 1700 Cache L3 30 Mo 0.010 micron (version bo\u00eete &#8211; garantie Intel 3 ans)<\/p>\n","protected":false},"featured_media":203273,"comment_status":"open","ping_status":"closed","template":"","meta":{"_monsterinsights_skip_tracking":false,"_monsterinsights_sitenote_active":false,"_monsterinsights_sitenote_note":"","_monsterinsights_sitenote_category":0},"etheme_brands":[{"term_id":42,"name":"INTEL","slug":"intel","term_group":0,"term_taxonomy_id":42,"taxonomy":"brand","description":"","parent":0,"count":52,"filter":"raw"}],"product_brand":[],"product_cat":[226],"product_tag":[],"class_list":{"0":"post-203272","1":"product","2":"type-product","3":"status-publish","4":"has-post-thumbnail","6":"brand-intel","7":"product_cat-processors-cpu","9":"first","10":"instock","11":"sale","12":"taxable","13":"shipping-taxable","14":"purchasable","15":"product-type-simple"},"_links":{"self":[{"href":"https:\/\/electrovideo.eu\/en\/wp-json\/wp\/v2\/product\/203272","targetHints":{"allow":["GET"]}}],"collection":[{"href":"https:\/\/electrovideo.eu\/en\/wp-json\/wp\/v2\/product"}],"about":[{"href":"https:\/\/electrovideo.eu\/en\/wp-json\/wp\/v2\/types\/product"}],"replies":[{"embeddable":true,"href":"https:\/\/electrovideo.eu\/en\/wp-json\/wp\/v2\/comments?post=203272"}],"version-history":[{"count":0,"href":"https:\/\/electrovideo.eu\/en\/wp-json\/wp\/v2\/product\/203272\/revisions"}],"wp:featuredmedia":[{"embeddable":true,"href":"https:\/\/electrovideo.eu\/en\/wp-json\/wp\/v2\/media\/203273"}],"wp:attachment":[{"href":"https:\/\/electrovideo.eu\/en\/wp-json\/wp\/v2\/media?parent=203272"}],"wp:term":[{"taxonomy":"brand","embeddable":true,"href":"https:\/\/electrovideo.eu\/en\/wp-json\/wp\/v2\/etheme_brands?post=203272"},{"taxonomy":"product_brand","embeddable":true,"href":"https:\/\/electrovideo.eu\/en\/wp-json\/wp\/v2\/product_brand?post=203272"},{"taxonomy":"product_cat","embeddable":true,"href":"https:\/\/electrovideo.eu\/en\/wp-json\/wp\/v2\/product_cat?post=203272"},{"taxonomy":"product_tag","embeddable":true,"href":"https:\/\/electrovideo.eu\/en\/wp-json\/wp\/v2\/product_tag?post=203272"}],"curies":[{"name":"wp","href":"https:\/\/api.w.org\/{rel}","templated":true}]}}