{"id":203262,"date":"2025-09-15T20:49:48","date_gmt":"2025-09-15T18:49:48","guid":{"rendered":"https:\/\/electrovideo.eu\/produit\/intel-core-i9-14900kf-3-2-ghz-5-8-ghz\/"},"modified":"2026-04-24T08:35:20","modified_gmt":"2026-04-24T06:35:20","slug":"intel-core-i9-14900kf-3-2-ghz-5-8-ghz","status":"publish","type":"product","link":"https:\/\/electrovideo.eu\/en\/product\/intel-core-i9-14900kf-3-2-ghz-5-8-ghz\/","title":{"rendered":"Intel Core i9-14900KF (3.2 GHz \/ 5.8 GHz)"},"content":{"rendered":"<div id=\"description\" class=\"description\">\n<div class=\"details-pdt-desc\">\n<h2 class=\"h2-master\">Faites en plus, sans compromis<\/h2>\n<section>\n<p>Avec plus de c\u0153urs et des fr\u00e9quences plus \u00e9lev\u00e9es, les processeurs <strong>Intel Core de 14\u00e8me g\u00e9n\u00e9ration<\/strong> vous permettent d&#8217;en faire plus, sans compromis sur les performances. Con\u00e7us pour r\u00e9pondre \u00e0 tous vos besoins, comme pour jouer dans les meilleures conditions, les processeurs <strong>Intel Raptor Lake Refresh <\/strong>sont ce qui se fait de mieux pour d\u00e9passer toutes les limites.&nbsp;<\/p>\n<\/section>\n<section>\n<div class=\"desc-image\"><span><img decoding=\"async\" alt=\"\" loading=\"lazy\" src=\"https:\/\/media.electrovideo.eu\/bo\/images\/fiches\/Processeur\/Intel\/intel_core_14th_i9k_001.jpg\"><\/span><\/div>\n<div class=\"desc-text\">\n<h2>Intel Core&nbsp;i9-14900KF 24-Core (8P+16E)&nbsp;<\/h2>\n<ul>\n<li>Processeur <strong>24 Cores<\/strong> \/ 32&nbsp;Threads<\/li>\n<li><strong>8 Performance-Cores<\/strong> (3.2 GHz &#8211; 5.8&nbsp;GHz) + 16 Efficient-Cores (jusqu&#8217;\u00e0 4.4&nbsp;GHz)<\/li>\n<li>Cache <strong>L3 36 Mo<\/strong> + Cache L2 32&nbsp;Mo<\/li>\n<li><strong>Unlocked <\/strong>(coefficient multiplicateur d\u00e9bloqu\u00e9 pour l&#8217;overclocking)<\/li>\n<li>IGP : Aucun<\/li>\n<li>Contr\u00f4leur m\u00e9moire : DDR4 \/ <strong>DDR5<\/strong><\/li>\n<li>Compatible <strong>PCI-E 5.0<\/strong><\/li>\n<li>TDP&nbsp;: 125W<\/li>\n<li>TDP max. (Turbo Power) : 253W<\/li>\n<\/ul>\n<\/div>\n<\/section>\n<section>\n<div class=\"desc-text\">\n<h2>Architecture hybride<\/h2>\n<p>Les processeurs Intel&nbsp;Core&nbsp;sont dot\u00e9s d&#8217;une nouvelle architecture hybride optimis\u00e9e et de technologies de pointe qui vous permettent d&#8217;aller au-del\u00e0 des jeux vid\u00e9o et de la cr\u00e9ation. Avec Intel, profitez d&#8217;une exp\u00e9rience sans compromis pour toutes vos t\u00e2ches. Intel vous donne les moyens de sans cesse vous surpasser, sur tous vos terrains de jeu.&nbsp;L&#8217;architecture hybride hautes performances d&#8217;Intel est con\u00e7ue pour r\u00e9pondre aux besoins des jeux les plus exigeants.&nbsp;<\/p>\n<\/div>\n<div class=\"desc-image\"><span><img decoding=\"async\" alt=\"\" loading=\"lazy\" src=\"https:\/\/media.electrovideo.eu\/bo\/images\/fiches\/Processeur\/Intel\/intel_core_14th_003.jpg\"><\/span><\/div>\n<\/section>\n<section>\n<div class=\"desc-image\"><span><img decoding=\"async\" alt=\"\" loading=\"lazy\" src=\"https:\/\/media.electrovideo.eu\/bo\/images\/fiches\/Processeur\/Intel\/intel_core_14th_002.jpg\"><\/span><\/div>\n<div class=\"desc-text\">\n<h2>Potentiel illimit\u00e9<\/h2>\n<p>Avec encore plus d&#8217;E-cores et de puissance pour le multit\u00e2che, il est temps de travailler et de jouer en m\u00eame temps. Jouez tout en regardant des vid\u00e9os en streaming, en \u00e9coutant de la musique et en encodant des vid\u00e9os.&nbsp;Gr\u00e2ce \u00e0 leurs Performance-cores, les processeurs Intel&nbsp;Core&nbsp;14\u1d49&nbsp;g\u00e9n\u00e9ration&nbsp;lib\u00e8rent toute la puissance n\u00e9cessaire pour optimiser les jeux les plus exigeants d&#8217;aujourd&#8217;hui.&nbsp;Intel Thread Director vous permet de jouer sans interruptions&nbsp;: pas besoin de vous soucier des t\u00e2ches d&#8217;arri\u00e8re-plan qui vous ralentissent. Intel&nbsp;Smart Cache&nbsp;: la taille \u00e9tendue du cache acc\u00e9l\u00e8re le processeur, offrant ainsi de meilleures performances, une fr\u00e9quence d&#8217;images plus \u00e9lev\u00e9e et plus r\u00e9guli\u00e8re, ainsi que des chargements plus rapides.<\/p>\n<\/div>\n<\/section>\n<\/div>\n<\/div>\n","protected":false},"excerpt":{"rendered":"<p>Processeur 24-Core (8 Performance-Cores + 16 Efficient-Cores) 32-Threads Socket 1700 Cache L3 36 Mo 0.010 micron (version bo\u00eete sans ventilateur &#8211; garantie Intel 3 ans)<\/p>\n","protected":false},"featured_media":203263,"comment_status":"open","ping_status":"closed","template":"","meta":{"_monsterinsights_skip_tracking":false,"_monsterinsights_sitenote_active":false,"_monsterinsights_sitenote_note":"","_monsterinsights_sitenote_category":0},"etheme_brands":[{"term_id":42,"name":"INTEL","slug":"intel","term_group":0,"term_taxonomy_id":42,"taxonomy":"brand","description":"","parent":0,"count":52,"filter":"raw"}],"product_brand":[],"product_cat":[226],"product_tag":[],"class_list":{"0":"post-203262","1":"product","2":"type-product","3":"status-publish","4":"has-post-thumbnail","6":"brand-intel","7":"product_cat-processors-cpu","9":"first","10":"instock","11":"taxable","12":"shipping-taxable","13":"purchasable","14":"product-type-simple"},"_links":{"self":[{"href":"https:\/\/electrovideo.eu\/en\/wp-json\/wp\/v2\/product\/203262","targetHints":{"allow":["GET"]}}],"collection":[{"href":"https:\/\/electrovideo.eu\/en\/wp-json\/wp\/v2\/product"}],"about":[{"href":"https:\/\/electrovideo.eu\/en\/wp-json\/wp\/v2\/types\/product"}],"replies":[{"embeddable":true,"href":"https:\/\/electrovideo.eu\/en\/wp-json\/wp\/v2\/comments?post=203262"}],"version-history":[{"count":0,"href":"https:\/\/electrovideo.eu\/en\/wp-json\/wp\/v2\/product\/203262\/revisions"}],"wp:featuredmedia":[{"embeddable":true,"href":"https:\/\/electrovideo.eu\/en\/wp-json\/wp\/v2\/media\/203263"}],"wp:attachment":[{"href":"https:\/\/electrovideo.eu\/en\/wp-json\/wp\/v2\/media?parent=203262"}],"wp:term":[{"taxonomy":"brand","embeddable":true,"href":"https:\/\/electrovideo.eu\/en\/wp-json\/wp\/v2\/etheme_brands?post=203262"},{"taxonomy":"product_brand","embeddable":true,"href":"https:\/\/electrovideo.eu\/en\/wp-json\/wp\/v2\/product_brand?post=203262"},{"taxonomy":"product_cat","embeddable":true,"href":"https:\/\/electrovideo.eu\/en\/wp-json\/wp\/v2\/product_cat?post=203262"},{"taxonomy":"product_tag","embeddable":true,"href":"https:\/\/electrovideo.eu\/en\/wp-json\/wp\/v2\/product_tag?post=203262"}],"curies":[{"name":"wp","href":"https:\/\/api.w.org\/{rel}","templated":true}]}}