{"id":203256,"date":"2025-09-15T20:49:58","date_gmt":"2025-09-15T18:49:58","guid":{"rendered":"https:\/\/electrovideo.eu\/produit\/intel-core-i9-14900f-jusqua-5-8-ghz\/"},"modified":"2026-04-24T08:35:31","modified_gmt":"2026-04-24T06:35:31","slug":"intel-core-i9-14900f-jusqua-5-8-ghz","status":"publish","type":"product","link":"https:\/\/electrovideo.eu\/en\/product\/intel-core-i9-14900f-jusqua-5-8-ghz\/","title":{"rendered":"Intel Core i9-14900F (jusqu&#8217;\u00e0 5.8 GHz)"},"content":{"rendered":"<div id=\"description\" class=\"description\">\n<div class=\"details-pdt-desc\">\n<h2 class=\"h2-master\">Le jeu et bien plus encore, toujours sans compromis<\/h2>\n<section>\n<p>Faites tout ce que vous voulez, et bien plus encore, avec le<strong> processeur Intel Core i9-14900F<\/strong> (Intel Raptor Lake-S Refresh). Jouez sans compromis et d\u00e9passez toutes les limites gr\u00e2ce \u00e0 l&#8217;architecture hybride qui r\u00e9partit intelligemment la charge entre les Performance-Cores et les Efficient-Cores pour un multit\u00e2che fluide et une gestion des performances am\u00e9lior\u00e9e.<\/p>\n<\/section>\n<section>\n<div class=\"desc-image\"><span><img decoding=\"async\" alt=\"\" loading=\"lazy\" src=\"https:\/\/media.electrovideo.eu\/bo\/images\/fiches\/Processeur\/Intel\/intel_14th_gen_0003.jpg\"><\/span><\/div>\n<div class=\"desc-text\">\n<h2>Intel Core&nbsp;i9-14900 24-Core (8P+16E)&nbsp;<\/h2>\n<ul>\n<li>Processeur <strong>24 Cores<\/strong> \/ 32 Threads<\/li>\n<li><strong>8 Performance-Cores<\/strong> (jusqu&#8217;\u00e0&nbsp;5.8 GHz) + 16 Efficient-Cores (jusqu&#8217;\u00e0 4.3 GHz)<\/li>\n<li>Cache <strong>L3 36 Mo<\/strong> + Cache L2 32 Mo<\/li>\n<li>IGP : Aucun<\/li>\n<li>Contr\u00f4leur m\u00e9moire : DDR4 \/ <strong>DDR5<\/strong><\/li>\n<li>Compatible <strong>PCI-E 5.0<\/strong><\/li>\n<li>TDP&nbsp;: 65W<\/li>\n<li>TDP max. (Turbo Power) : 219W<\/li>\n<li>Ventilateur inclus : <strong>Intel Laminar RH1<\/strong><\/li>\n<\/ul>\n<\/div>\n<\/section>\n<section>\n<div class=\"desc-text\">\n<h2>Architecture hybride<\/h2>\n<p>L&#8217;architecture hybride hautes performances d&#8217;Intel est con\u00e7ue pour les besoins des gamers modernes. Des e-cores suppl\u00e9mentaires vous offrent des performances am\u00e9lior\u00e9es pour pouvoir faire du multit\u00e2che. Jouez, partagez et b\u00e9n\u00e9ficiez d&#8217;une cr\u00e9ativit\u00e9 lib\u00e9r\u00e9e.&nbsp;Intel&nbsp;Thread Director&nbsp;vous permet de jouer sans interruption&nbsp;: ne vous souciez plus des t\u00e2ches d&#8217;arri\u00e8re-plan qui vous ralentissent.&nbsp;Optimisez les charges de travail entre votre processeur Intel&nbsp;Core&nbsp;et votre GPU en allouant de la puissance l\u00e0 o\u00f9 elle est la plus n\u00e9cessaire gr\u00e2ce \u00e0 Dynamic Power Share.<\/p>\n<\/div>\n<div class=\"desc-image\"><span><img decoding=\"async\" alt=\"\" loading=\"lazy\" src=\"https:\/\/media.electrovideo.eu\/bo\/images\/fiches\/Processeur\/Intel\/intel_14th_gen_0004.jpg\"><\/span><\/div>\n<\/section>\n<section>\n<div class=\"desc-image\"><span><img decoding=\"async\" alt=\"\" loading=\"lazy\" src=\"https:\/\/media.electrovideo.eu\/bo\/images\/fiches\/Processeur\/Intel\/intel_14th_gen_0001.jpg\"><\/span><\/div>\n<div class=\"desc-text\">\n<h2>Potentiel illimit\u00e9<\/h2>\n<p>Avec encore plus d&#8217;E-cores et de puissance pour le multit\u00e2che, il est temps de travailler et de jouer en m\u00eame temps. Jouez tout en regardant des vid\u00e9os en streaming, en \u00e9coutant de la musique et en encodant des vid\u00e9os.&nbsp;Gr\u00e2ce \u00e0 leurs Performance-cores, les processeurs Intel&nbsp;Core&nbsp;14\u1d49&nbsp;g\u00e9n\u00e9ration&nbsp;lib\u00e8rent toute la puissance n\u00e9cessaire pour optimiser les jeux les plus exigeants d&#8217;aujourd&#8217;hui.&nbsp;Intel Thread Director vous permet de jouer sans interruptions&nbsp;: pas besoin de vous soucier des t\u00e2ches d&#8217;arri\u00e8re-plan qui vous ralentissent. Intel&nbsp;Smart Cache&nbsp;: la taille \u00e9tendue du cache acc\u00e9l\u00e8re le processeur, offrant ainsi de meilleures performances, une fr\u00e9quence d&#8217;images plus \u00e9lev\u00e9e et plus r\u00e9guli\u00e8re, ainsi que des chargements plus rapides.<\/p>\n<\/div>\n<\/section>\n<\/div>\n<\/div>\n","protected":false},"excerpt":{"rendered":"<p>Processeur 24-Core (8 Performance-Cores + 16 Efficient-Cores) 32-Threads Socket 1700 Cache L3 36 Mo 0.010 micron (version bo\u00eete avec ventilateur &#8211; garantie Intel 3 ans)<\/p>\n","protected":false},"featured_media":203257,"comment_status":"open","ping_status":"closed","template":"","meta":{"_monsterinsights_skip_tracking":false,"_monsterinsights_sitenote_active":false,"_monsterinsights_sitenote_note":"","_monsterinsights_sitenote_category":0},"etheme_brands":[{"term_id":42,"name":"INTEL","slug":"intel","term_group":0,"term_taxonomy_id":42,"taxonomy":"brand","description":"","parent":0,"count":52,"filter":"raw"}],"product_brand":[],"product_cat":[226],"product_tag":[],"class_list":{"0":"post-203256","1":"product","2":"type-product","3":"status-publish","4":"has-post-thumbnail","6":"brand-intel","7":"product_cat-processors-cpu","9":"first","10":"instock","11":"taxable","12":"shipping-taxable","13":"purchasable","14":"product-type-simple"},"_links":{"self":[{"href":"https:\/\/electrovideo.eu\/en\/wp-json\/wp\/v2\/product\/203256","targetHints":{"allow":["GET"]}}],"collection":[{"href":"https:\/\/electrovideo.eu\/en\/wp-json\/wp\/v2\/product"}],"about":[{"href":"https:\/\/electrovideo.eu\/en\/wp-json\/wp\/v2\/types\/product"}],"replies":[{"embeddable":true,"href":"https:\/\/electrovideo.eu\/en\/wp-json\/wp\/v2\/comments?post=203256"}],"version-history":[{"count":0,"href":"https:\/\/electrovideo.eu\/en\/wp-json\/wp\/v2\/product\/203256\/revisions"}],"wp:featuredmedia":[{"embeddable":true,"href":"https:\/\/electrovideo.eu\/en\/wp-json\/wp\/v2\/media\/203257"}],"wp:attachment":[{"href":"https:\/\/electrovideo.eu\/en\/wp-json\/wp\/v2\/media?parent=203256"}],"wp:term":[{"taxonomy":"brand","embeddable":true,"href":"https:\/\/electrovideo.eu\/en\/wp-json\/wp\/v2\/etheme_brands?post=203256"},{"taxonomy":"product_brand","embeddable":true,"href":"https:\/\/electrovideo.eu\/en\/wp-json\/wp\/v2\/product_brand?post=203256"},{"taxonomy":"product_cat","embeddable":true,"href":"https:\/\/electrovideo.eu\/en\/wp-json\/wp\/v2\/product_cat?post=203256"},{"taxonomy":"product_tag","embeddable":true,"href":"https:\/\/electrovideo.eu\/en\/wp-json\/wp\/v2\/product_tag?post=203256"}],"curies":[{"name":"wp","href":"https:\/\/api.w.org\/{rel}","templated":true}]}}