{"id":203234,"date":"2025-09-15T20:50:56","date_gmt":"2025-09-15T18:50:56","guid":{"rendered":"https:\/\/electrovideo.eu\/produit\/intel-core-ultra-7-265f-2-4-ghz-5-3-ghz\/"},"modified":"2026-04-24T08:35:58","modified_gmt":"2026-04-24T06:35:58","slug":"intel-core-ultra-7-265f-2-4-ghz-5-3-ghz","status":"publish","type":"product","link":"https:\/\/electrovideo.eu\/en\/product\/intel-core-ultra-7-265f-2-4-ghz-5-3-ghz\/","title":{"rendered":"Intel Core Ultra 7 265F (2.4 GHz \/ 5.3 GHz)"},"content":{"rendered":"<div id=\"description\" class=\"description\">\n<div class=\"details-pdt-desc\">\n<h2 class=\"h2-master\">Performances de r\u00eave dans tous les domaines<\/h2>\n<section>Le <strong>processeur pour PC de bureau Intel Core Ultra 7 265F <\/strong>est pr\u00eat \u00e0 relever tous les d\u00e9fis que vous lui soumettrez. <strong>Gaming<\/strong>, <strong>Streaming <\/strong>ou <strong>cr\u00e9ation de contenus<\/strong>, les <strong>processeurs Intel Core Ultra<\/strong> vous offrent de toutes nouvelles perspectives gr\u00e2ce \u00e0 l&#8217;intelligence artificielle. Profitez d&#8217;une exp\u00e9rience gaming ultra-fluide, de performances multit\u00e2ches optimales et d&#8217;une efficacit\u00e9 \u00e9nerg\u00e9tique am\u00e9lior\u00e9e avec ce processeur con\u00e7u pour les joueurs et les cr\u00e9ateurs de contenus au quotidien.<\/p>\n<p>Les nouveaux processeurs Intel Core Ultra sont con\u00e7us pour booster les performances de votre PC, pour vous permettre de jouer, cr\u00e9er et streamer au gr\u00e9 de vos envies. Plus rapides et moins \u00e9nergivores que les processeurs de la g\u00e9n\u00e9ration pr\u00e9c\u00e9dente, ils offrent une exp\u00e9rience utilisateur am\u00e9lior\u00e9e dans tous les domaines. En lib\u00e9rant le potentiel de votre ordinateur gr\u00e2ce \u00e0 l&#8217;IA, les processeurs Intel Core Ultra (r)ouvrent le champ des possibles.<\/p>\n<\/section>\n<section>\n<div class=\"desc-image\"><img decoding=\"async\" src=\"https:\/\/media.electrovideo.eu\/bo\/images\/fiches\/Processeur\/Intel\/core_ultra\/intel_arrow-lake_2.jpg\" alt=\"\" \/><\/div>\n<div class=\"desc-text\">\n<h2>Intel Core Ultra 7 265F<\/h2>\n<ul>\n<li>Processeur <strong>20 Cores<\/strong> \/ 20 Threads<\/li>\n<li><strong>8 Performance-Cores<\/strong> (2.4 GHz &#8211; 5.3 GHz) + 12 Efficient-Cores (1.8 GHz &#8211; 4.6 GHz)<\/li>\n<li>Cache <strong>L3 30 Mo<\/strong> + Cache L2 36 Mo<\/li>\n<li>Contr\u00f4leur m\u00e9moire : <strong>DDR5<\/strong><\/li>\n<li><strong>iGP : Aucun<\/strong><\/li>\n<li>Compatible <strong>PCI-E 5.0<\/strong><\/li>\n<li>TDP\u00a0: 65W<\/li>\n<li>TDP max. (Turbo Power) : 182W<\/li>\n<li>Ventilateur inclus : <strong>Intel Laminar RM2<\/strong><\/li>\n<\/ul>\n<\/div>\n<\/section>\n<section>\n<div class=\"desc-text\">\n<h2>Architecture r\u00e9volutionnaire<\/h2>\n<p>Soyez pr\u00eats \u00e0 entrer dans la nouvelle \u00e8re du gaming, choisissez un PC avec IA \u00e9quip\u00e9 d&#8217;un processeur Intel\u00a0Core\u00a0Ultra.\u00a0Profitez de performances au top pour le streaming et le gaming. Confiez les t\u00e2ches impliquant l&#8217;IA comme la suppression de l&#8217;arri\u00e8re-plan, l&#8217;optimisation audio et le cadrage automatique \u00e0 l&#8217;unit\u00e9 de traitement neuronal (NPU) et \u00e0 vous les conditions de streaming et de jeux id\u00e9ales.\n<\/p><\/div>\n<div class=\"desc-image\"><img decoding=\"async\" src=\"https:\/\/media.electrovideo.eu\/bo\/images\/fiches\/Processeur\/Intel\/core_ultra\/intel_arrow-lake_3.jpg\" alt=\"\" \/><\/div>\n<\/section>\n<\/div>\n<\/div>\n","protected":false},"excerpt":{"rendered":"<p>Processeur 20-Core (8 Performance-Cores + 12 Efficient-Cores) 20-Threads Socket 1851 Smart Cache 30 Mo + L2 36 Mo 0.003 micron (version bo\u00eete avec ventilateur &#8211; garantie Intel 3 ans)<\/p>\n","protected":false},"featured_media":203235,"comment_status":"open","ping_status":"closed","template":"","meta":{"_monsterinsights_skip_tracking":false,"_monsterinsights_sitenote_active":false,"_monsterinsights_sitenote_note":"","_monsterinsights_sitenote_category":0},"etheme_brands":[{"term_id":42,"name":"INTEL","slug":"intel","term_group":0,"term_taxonomy_id":42,"taxonomy":"brand","description":"","parent":0,"count":52,"filter":"raw"}],"product_brand":[],"product_cat":[226],"product_tag":[],"class_list":{"0":"post-203234","1":"product","2":"type-product","3":"status-publish","4":"has-post-thumbnail","6":"brand-intel","7":"product_cat-processors-cpu","9":"first","10":"instock","11":"sale","12":"taxable","13":"shipping-taxable","14":"purchasable","15":"product-type-simple"},"_links":{"self":[{"href":"https:\/\/electrovideo.eu\/en\/wp-json\/wp\/v2\/product\/203234","targetHints":{"allow":["GET"]}}],"collection":[{"href":"https:\/\/electrovideo.eu\/en\/wp-json\/wp\/v2\/product"}],"about":[{"href":"https:\/\/electrovideo.eu\/en\/wp-json\/wp\/v2\/types\/product"}],"replies":[{"embeddable":true,"href":"https:\/\/electrovideo.eu\/en\/wp-json\/wp\/v2\/comments?post=203234"}],"version-history":[{"count":0,"href":"https:\/\/electrovideo.eu\/en\/wp-json\/wp\/v2\/product\/203234\/revisions"}],"wp:featuredmedia":[{"embeddable":true,"href":"https:\/\/electrovideo.eu\/en\/wp-json\/wp\/v2\/media\/203235"}],"wp:attachment":[{"href":"https:\/\/electrovideo.eu\/en\/wp-json\/wp\/v2\/media?parent=203234"}],"wp:term":[{"taxonomy":"brand","embeddable":true,"href":"https:\/\/electrovideo.eu\/en\/wp-json\/wp\/v2\/etheme_brands?post=203234"},{"taxonomy":"product_brand","embeddable":true,"href":"https:\/\/electrovideo.eu\/en\/wp-json\/wp\/v2\/product_brand?post=203234"},{"taxonomy":"product_cat","embeddable":true,"href":"https:\/\/electrovideo.eu\/en\/wp-json\/wp\/v2\/product_cat?post=203234"},{"taxonomy":"product_tag","embeddable":true,"href":"https:\/\/electrovideo.eu\/en\/wp-json\/wp\/v2\/product_tag?post=203234"}],"curies":[{"name":"wp","href":"https:\/\/api.w.org\/{rel}","templated":true}]}}