{"id":202991,"date":"2025-08-27T05:51:52","date_gmt":"2025-08-27T03:51:52","guid":{"rendered":"https:\/\/electrovideo.eu\/produit\/amd-ryzen-9-7900x-4-7-ghz-5-6-ghz\/"},"modified":"2026-04-24T08:33:46","modified_gmt":"2026-04-24T06:33:46","slug":"amd-ryzen-9-7900x-4-7-ghz-5-6-ghz","status":"publish","type":"product","link":"https:\/\/electrovideo.eu\/en\/product\/amd-ryzen-9-7900x-4-7-ghz-5-6-ghz\/","title":{"rendered":"AMD Ryzen 9 7900X (4.7 GHz \/ 5.6 GHz)"},"content":{"rendered":"<div id=\"description\" class=\"description\">\n<div class=\"details-pdt-desc\">\n<h2 class=\"h2-master\">Les meilleures performances pour les Joueurs<\/h2>\n<section>Le <strong>processeur pour PC de bureau AMD Ryzen 9 7900X<\/strong> a \u00e9t\u00e9 pens\u00e9 et con\u00e7u pour vous permettre de jouer dans les meilleures conditions. Il offre des performances gaming \u00e0 couper le souffle, met \u00e0 disposition des technologies innovantes pour les cr\u00e9atifs et permet de concevoir des machines pr\u00eates pour l&#8217;avenir. Gr\u00e2ce \u00e0 des\u00a0fr\u00e9quences natives ultra-\u00e9lev\u00e9es, \u00e0 un nombre incroyable de c\u0153urs et de Threads et \u00e0 un cache L3 \u00e9norme, les<strong> processeurs AMD Ryzen 7000<\/strong> mettent encore plus de puissance \u00e0 la disposition du grand public et d\u00e9multiplient toutes les possibilit\u00e9s.<\/p>\n<\/section>\n<section>\n<div class=\"desc-image\"><img decoding=\"async\" src=\"https:\/\/media.electrovideo.eu\/bo\/images\/fiches\/Processeur\/AMD\/raphael\/amd_ryzen_7000_001.jpg\" alt=\"\" \/><\/div>\n<div class=\"desc-text\">\n<h2>12 c\u0153urs natifs\u00a04.7\u00a0GHz \/ 5.6\u00a0GHz<\/h2>\n<p>Le <strong>processeur pour PC de bureau\u00a0AMD Ryzen 9 7900X\u00a0<\/strong>propose <strong>12 coeurs natifs<\/strong> et <strong>24\u00a0coeurs logiques<\/strong> pour un traitement multit\u00e2che agr\u00e9ablement fluide. Gr\u00e2ce \u00e0 sa <strong>fr\u00e9quence native \u00e9lev\u00e9e\u00a0<\/strong>et \u00e0 son mode <strong><em>Turbo Core<\/em>\u00a0<\/strong>ajustant la puissance en fonction des besoins, ce <strong>CPU AMD Ryzen de nouvelle g\u00e9n\u00e9ration<\/strong> d\u00e9livre des performances exceptionnelles dans tous les domaines : Jeux vid\u00e9o, multit\u00e2che intensif, \u00e9dition vid\u00e9o, mod\u00e9lisation 3D et bien plus encore. Le <strong>cache L3 de 64 Mo<\/strong> permet en outre le traitement ultrarapide d&#8217;un grand nombre d&#8217;instructions gr\u00e2ce \u00e0 des latences r\u00e9duites.<\/p>\n<\/div>\n<\/section>\n<section>\n<div class=\"desc-text\">\n<h2>Jouer dans les meilleures conditions<\/h2>\n<p>Les fr\u00e9quences \u00e9lev\u00e9es des processeurs <strong>AMD Ryzen Zen 4<\/strong> sont un v\u00e9ritable avantage dans les jeux. Choisissez les bons composants et concevez un PC Gaming surpuissant, sans latences et pr\u00eat \u00e0 servir quand il faut. Prenez l&#8217;avantage sur vos adversaires et atteignez des sommets gr\u00e2ce aux processeurs<strong> AMD Ryzen 7000<\/strong> et aux cartes m\u00e8res <strong>AMD AM5<\/strong>.<\/p>\n<\/div>\n<div class=\"desc-image\"><img decoding=\"async\" src=\"https:\/\/media.electrovideo.eu\/bo\/images\/fiches\/Processeur\/AMD\/raphael\/amd_ryzen_7000_004.jpg\" alt=\"\" \/><\/div>\n<\/section>\n<section>\n<div class=\"desc-image\"><img decoding=\"async\" src=\"https:\/\/media.electrovideo.eu\/bo\/images\/fiches\/Processeur\/AMD\/raphael\/amd_ryzen_7000_003.jpg\" alt=\"\" \/><\/div>\n<div class=\"desc-text\">\n<h2>Plus de Puissance\u00a0= Plus de Possibilit\u00e9s<\/h2>\n<p>Les processeurs <strong>AMD Ryzen 7000<\/strong> sont performants dans tous les domaines. Ils vont permettront de cr\u00e9er plus vite, d&#8217;atteindre vos objectifs plus rapidement et de gagner du temps en permanence. Qu\u2019il s\u2019agisse de rendu 3D ou d\u2019exportation de fichiers vid\u00e9o volumineux, concevez, livrez et faites le job avec la vitesse et le stockage PCIe 5.0, de nombreux threads de traitement et des acc\u00e9l\u00e9rateurs vid\u00e9o d\u00e9di\u00e9s.<\/p>\n<\/div>\n<\/section>\n<\/div>\n<\/div>\n","protected":false},"excerpt":{"rendered":"<p>Processeur 12-Core 24-Threads socket AM5 GameCache 76 Mo 5 nm TDP 170W (version bo\u00eete sans ventilateur &#8211; garantie constructeur 3 ans)<\/p>\n","protected":false},"featured_media":202992,"comment_status":"open","ping_status":"closed","template":"","meta":{"_monsterinsights_skip_tracking":false,"_monsterinsights_sitenote_active":false,"_monsterinsights_sitenote_note":"","_monsterinsights_sitenote_category":0},"etheme_brands":[{"term_id":52,"name":"AMD","slug":"amd","term_group":0,"term_taxonomy_id":52,"taxonomy":"brand","description":"","parent":0,"count":65,"filter":"raw"}],"product_brand":[],"product_cat":[226],"product_tag":[],"class_list":{"0":"post-202991","1":"product","2":"type-product","3":"status-publish","4":"has-post-thumbnail","6":"brand-amd","7":"product_cat-processors-cpu","9":"first","10":"instock","11":"sale","12":"taxable","13":"shipping-taxable","14":"purchasable","15":"product-type-simple"},"_links":{"self":[{"href":"https:\/\/electrovideo.eu\/en\/wp-json\/wp\/v2\/product\/202991","targetHints":{"allow":["GET"]}}],"collection":[{"href":"https:\/\/electrovideo.eu\/en\/wp-json\/wp\/v2\/product"}],"about":[{"href":"https:\/\/electrovideo.eu\/en\/wp-json\/wp\/v2\/types\/product"}],"replies":[{"embeddable":true,"href":"https:\/\/electrovideo.eu\/en\/wp-json\/wp\/v2\/comments?post=202991"}],"version-history":[{"count":0,"href":"https:\/\/electrovideo.eu\/en\/wp-json\/wp\/v2\/product\/202991\/revisions"}],"wp:featuredmedia":[{"embeddable":true,"href":"https:\/\/electrovideo.eu\/en\/wp-json\/wp\/v2\/media\/202992"}],"wp:attachment":[{"href":"https:\/\/electrovideo.eu\/en\/wp-json\/wp\/v2\/media?parent=202991"}],"wp:term":[{"taxonomy":"brand","embeddable":true,"href":"https:\/\/electrovideo.eu\/en\/wp-json\/wp\/v2\/etheme_brands?post=202991"},{"taxonomy":"product_brand","embeddable":true,"href":"https:\/\/electrovideo.eu\/en\/wp-json\/wp\/v2\/product_brand?post=202991"},{"taxonomy":"product_cat","embeddable":true,"href":"https:\/\/electrovideo.eu\/en\/wp-json\/wp\/v2\/product_cat?post=202991"},{"taxonomy":"product_tag","embeddable":true,"href":"https:\/\/electrovideo.eu\/en\/wp-json\/wp\/v2\/product_tag?post=202991"}],"curies":[{"name":"wp","href":"https:\/\/api.w.org\/{rel}","templated":true}]}}