{"id":202651,"date":"2025-08-27T05:51:44","date_gmt":"2025-08-27T03:51:44","guid":{"rendered":"https:\/\/electrovideo.eu\/produit\/amd-ryzen-threadripper-pro-5995wx-4-5-ghz-max\/"},"modified":"2025-09-06T15:56:09","modified_gmt":"2025-09-06T13:56:09","slug":"amd-ryzen-threadripper-pro-5995wx-4-5-ghz-max","status":"publish","type":"product","link":"https:\/\/electrovideo.eu\/en\/product\/amd-ryzen-threadripper-pro-5995wx-4-5-ghz-max\/","title":{"rendered":"AMD Ryzen Threadripper PRO 5995WX (4.5 GHz Max.)"},"content":{"rendered":"<div id=\"description\" class=\"description\">\n<div class=\"details-pdt-desc\">\n<h2 class=\"h2-master\">Le processeur ultime pour les Stations de travail<\/h2>\n<section>\n<p>L&#8217;<strong>AMD Ryzen Threadripper PRO 5995WX<\/strong> est un processeur haut de gamme hautes performances id\u00e9al pour les applications n\u00e9cessitant une puissance de calcul ph\u00e9nom\u00e9nale. Avec <strong>64 c\u0153urs et 128&nbsp;threads<\/strong>, <strong>256 Mo de cache de niveau 3<\/strong> et une <strong>fr\u00e9quence Boost pouvant atteindre 4.5 GHz<\/strong>, il est con\u00e7u pour faire tourner les programmes les plus exigeants. Pour cr\u00e9er, concevoir, d\u00e9velopper, animer ou jouer, il offre une puissance hors-norme adapt\u00e9e au multit\u00e2che intensif, au calcul haute performance, au Jeu Vid\u00e9o, \u00e0 la conception ou encore \u00e0 la Mod\u00e9lisation 3D.<\/p>\n<\/section>\n<section>\n<div class=\"desc-image\"><span><img decoding=\"async\" alt=\"\" loading=\"lazy\" src=\"https:\/\/media.electrovideo.eu\/bo\/images\/fiches\/Processeur\/AMD\/amd_thredaripper_pro_5000wx_003.jpg\"><\/span><\/div>\n<div class=\"desc-text\">\n<h2>Toujours plus de puissance<\/h2>\n<p>Les processeurs AMD Ryzen&nbsp;Threadripper&nbsp;PRO S\u00e9rie 5000 WX s\u2019appuient sur des performances et des capacit\u00e9s \u00e9prouv\u00e9es pour permettre aux artistes, architectes et ing\u00e9nieurs de faire plus en moins de temps.<\/p>\n<ul>\n<li>Les meilleures performances sur l\u2019ensemble du spectre dans toute la gamme de produits<\/li>\n<li>Des fr\u00e9quences de boost maxi am\u00e9lior\u00e9es<\/li>\n<li>Les 128&nbsp;lignes PCIe&nbsp;4.0 prennent en charge les configurations de station de travail avanc\u00e9es<\/li>\n<li>Technologies AMD PRO<\/li>\n<\/ul>\n<\/div>\n<\/section>\n<section>\n<div class=\"desc-text\">\n<h2>Cr\u00e9er sans limites<\/h2>\n<p>Les cr\u00e9ateurs de contenu professionnels peuvent d\u00e9sormais tirer le meilleur parti possible du processeur pour station de travail le plus rapide et le plus polyvalent jamais cr\u00e9\u00e9. Son nombre de c\u0153urs in\u00e9gal\u00e9 pour les charges de travail multithread rivalise avec les solutions concurrentes \u00e0 double socket et des performances monothread haute fr\u00e9quence pour les t\u00e2ches \u00e0 faible nombre de threads. Cette capacit\u00e9 de calcul \u00e0 spectre complet unique permet de r\u00e9duire les temps de rendu, d&#8217;augmenter le nombre d&#8217;it\u00e9rations cr\u00e9atives, de r\u00e9soudre plus rapidement les simulations, de reconstruire rapidement les assemblages et d&#8217;assurer une interactivit\u00e9 fluide avec les ressources 3D.<\/p>\n<\/div>\n<div class=\"desc-image\"><span><img decoding=\"async\" alt=\"\" loading=\"lazy\" src=\"https:\/\/media.electrovideo.eu\/bo\/images\/fiches\/Processeur\/AMD\/threadripper\/amd_ryzen_threadripper_pro_001.jpg\"><\/span><\/div>\n<\/section>\n<section>\n<div class=\"desc-image\"><span><img decoding=\"async\" alt=\"\" loading=\"lazy\" src=\"https:\/\/media.electrovideo.eu\/bo\/images\/fiches\/Processeur\/AMD\/amd_thredaripper_pro_5000wx_004.jpg\"><\/span><\/div>\n<div class=\"desc-text\">\n<h2>Concevoir. D\u00e9velopper. Acc\u00e9l\u00e9rer.<\/h2>\n<p>Laissez les processeurs AMD Ryzen&nbsp;Threadripper&nbsp;PRO devenir le moteur d\u2019acc\u00e9l\u00e9ration de la productivit\u00e9 au c\u0153ur de votre prochaine station de travail professionnelle.&nbsp;Les processeurs AMD Ryzen&nbsp;Threadripper&nbsp;PRO S\u00e9rie 5000 WX sont bas\u00e9s sur la technologie de processus 7&nbsp;nm, offrant une densit\u00e9 de c\u0153urs CPU in\u00e9gal\u00e9e pour les charges de travail professionnelles. Par ailleurs, la plateforme offre les meilleures performances sur l\u2019ensemble du spectre&nbsp;en \u00e9liminant les goulets d\u2019\u00e9tranglements du&nbsp;monothread et&nbsp;multithread qui existent g\u00e9n\u00e9ralement dans les applications logicielles professionnelles.<\/p>\n<\/div>\n<\/section>\n<\/div>\n<\/div>\n","protected":false},"excerpt":{"rendered":"<p>Processeur 64-Core 128-Threads socket sWRX8 Cache 256 Mo 7 nm TDP 280W (version bo\u00eete sans ventilateur &#8211; garantie constructeur 3 ans)<\/p>\n","protected":false},"featured_media":202521,"comment_status":"open","ping_status":"closed","template":"","meta":{"_monsterinsights_skip_tracking":false,"_monsterinsights_sitenote_active":false,"_monsterinsights_sitenote_note":"","_monsterinsights_sitenote_category":0},"etheme_brands":[],"product_brand":[],"product_cat":[226],"product_tag":[],"class_list":{"0":"post-202651","1":"product","2":"type-product","3":"status-publish","4":"has-post-thumbnail","6":"product_cat-processors-cpu","8":"first","9":"instock","10":"taxable","11":"shipping-taxable","12":"purchasable","13":"product-type-simple"},"_links":{"self":[{"href":"https:\/\/electrovideo.eu\/en\/wp-json\/wp\/v2\/product\/202651","targetHints":{"allow":["GET"]}}],"collection":[{"href":"https:\/\/electrovideo.eu\/en\/wp-json\/wp\/v2\/product"}],"about":[{"href":"https:\/\/electrovideo.eu\/en\/wp-json\/wp\/v2\/types\/product"}],"replies":[{"embeddable":true,"href":"https:\/\/electrovideo.eu\/en\/wp-json\/wp\/v2\/comments?post=202651"}],"version-history":[{"count":0,"href":"https:\/\/electrovideo.eu\/en\/wp-json\/wp\/v2\/product\/202651\/revisions"}],"wp:featuredmedia":[{"embeddable":true,"href":"https:\/\/electrovideo.eu\/en\/wp-json\/wp\/v2\/media\/202521"}],"wp:attachment":[{"href":"https:\/\/electrovideo.eu\/en\/wp-json\/wp\/v2\/media?parent=202651"}],"wp:term":[{"taxonomy":"brand","embeddable":true,"href":"https:\/\/electrovideo.eu\/en\/wp-json\/wp\/v2\/etheme_brands?post=202651"},{"taxonomy":"product_brand","embeddable":true,"href":"https:\/\/electrovideo.eu\/en\/wp-json\/wp\/v2\/product_brand?post=202651"},{"taxonomy":"product_cat","embeddable":true,"href":"https:\/\/electrovideo.eu\/en\/wp-json\/wp\/v2\/product_cat?post=202651"},{"taxonomy":"product_tag","embeddable":true,"href":"https:\/\/electrovideo.eu\/en\/wp-json\/wp\/v2\/product_tag?post=202651"}],"curies":[{"name":"wp","href":"https:\/\/api.w.org\/{rel}","templated":true}]}}