{"id":202380,"date":"2024-03-13T19:52:01","date_gmt":"2024-03-13T17:52:01","guid":{"rendered":"https:\/\/electrovideo.eu\/tickets-support\/"},"modified":"2025-10-02T05:52:42","modified_gmt":"2025-10-02T03:52:42","slug":"tickets-support","status":"publish","type":"page","link":"https:\/\/electrovideo.eu\/en\/tickets-support\/","title":{"rendered":"Tickets &#038; Support"},"content":{"rendered":"\t\t<div data-elementor-type=\"wp-page\" data-elementor-id=\"202380\" class=\"elementor elementor-202380 elementor-197490\" data-elementor-post-type=\"page\">\n\t\t\t\t\t\t<section class=\"elementor-section elementor-top-section elementor-element elementor-element-c1d8968 elementor-section-full_width elementor-section-height-default elementor-section-height-default\" data-id=\"c1d8968\" data-element_type=\"section\" data-e-type=\"section\">\n\t\t\t\t\t\t<div class=\"elementor-container elementor-column-gap-default\">\n\t\t\t\t\t<div class=\"elementor-column elementor-col-100 elementor-top-column elementor-element elementor-element-5651856\" data-id=\"5651856\" data-element_type=\"column\" data-e-type=\"column\">\n\t\t\t<div class=\"elementor-widget-wrap elementor-element-populated\">\n\t\t\t\t\t\t<div class=\"elementor-element elementor-element-6a2853f elementor-widget elementor-widget-heading\" data-id=\"6a2853f\" data-element_type=\"widget\" data-e-type=\"widget\" data-widget_type=\"heading.default\">\n\t\t\t\t<div class=\"elementor-widget-container\">\n\t\t\t\t\t<h2 class=\"elementor-heading-title elementor-size-default\">Support &amp; Tickets<\/h2>\t\t\t\t<\/div>\n\t\t\t\t<\/div>\n\t\t\t\t\t<\/div>\n\t\t<\/div>\n\t\t\t\t\t<\/div>\n\t\t<\/section>\n\t\t\t\t<section class=\"elementor-section elementor-top-section elementor-element elementor-element-8de1d3a elementor-section-boxed elementor-section-height-default elementor-section-height-default\" data-id=\"8de1d3a\" data-element_type=\"section\" data-e-type=\"section\">\n\t\t\t\t\t\t<div class=\"elementor-container elementor-column-gap-default\">\n\t\t\t\t\t<div class=\"elementor-column elementor-col-100 elementor-top-column elementor-element elementor-element-ce07304\" data-id=\"ce07304\" data-element_type=\"column\" data-e-type=\"column\">\n\t\t\t<div class=\"elementor-widget-wrap elementor-element-populated\">\n\t\t\t\t\t\t<div class=\"elementor-element elementor-element-8aa6339 elementor-widget elementor-widget-shortcode\" data-id=\"8aa6339\" data-element_type=\"widget\" data-e-type=\"widget\" data-widget_type=\"shortcode.default\">\n\t\t\t\t<div class=\"elementor-widget-container\">\n\t\t\t\t\t\t\t<div class=\"elementor-shortcode\"><p>Veuillez vous connecter \u00e0 votre compte client pour acc\u00e9der \u00e0 notre plateforme de support et cr\u00e9er ou consulter vos tickets\/messages.<\/p>\n<p><div class=\"fst_login_form_auth_wrapper\"><div id=\"fst_login_form\" class=\"fst_login_wrapper\"><form name=\"loginform\" id=\"loginform\" action=\"https:\/\/electrovideo.eu\/wp-login.php\" method=\"post\"><p class=\"login-username\">\n\t\t\t\t<label for=\"user_login\">Username or Email Address<\/label>\n\t\t\t\t<input type=\"text\" name=\"log\" id=\"user_login\" autocomplete=\"username\" class=\"input\" value=\"\" size=\"20\" \/>\n\t\t\t<\/p><p class=\"login-password\">\n\t\t\t\t<label for=\"user_pass\">Password<\/label>\n\t\t\t\t<input type=\"password\" name=\"pwd\" id=\"user_pass\" autocomplete=\"current-password\" spellcheck=\"false\" class=\"input\" value=\"\" size=\"20\" \/>\n\t\t\t<\/p><a href=\"https:\/\/electrovideo.eu\/en\/my-account\/lost-password\/\" class=\"lost-password\">Lost Password?<\/a><p class=\"login-remember\"><label><input name=\"rememberme\" type=\"checkbox\" id=\"rememberme\" value=\"forever\" checked=\"checked\" \/> Remember Me<\/label><\/p><p class=\"login-submit\">\n\t\t\t\t<input type=\"submit\" name=\"wp-submit\" id=\"wp-submit\" class=\"button button-primary\" value=\"Log In\" \/>\n\t\t\t\t<input type=\"hidden\" name=\"redirect_to\" value=\"https:\/\/electrovideo.eu\/tickets-support\" \/>\n\t\t\t<\/p><\/form><p style=\"text-align: center\">Not registered? <a href=\"#\" id=\"fs_show_signup\">Create an account<\/a><\/p><p style=\"text-align: center\">Forgot your password? <a href=\"#\" id=\"fs_show_reset_password\">Reset password<\/a><\/p><\/div><div class=\"fst_registration_wrapper hide\"><form id=\"fstRegistrationForm\" class=\"fs_registration_form\" method=\"post\" name=\"fs_registration_form\"><div class=\"fst_registration_fields\"><div class=\"fst_field_group fst_field_first_name\"><div class=\"fst_field_label is-required\"><label for=\"fst_first_name\">First name<\/label><\/div><div class=\"fs_input_wrap\"><input type=\"text\" id=\"fst_first_name\" placeholder=\"First name\" name=\"first_name\" required=\"required\"  \/><\/div><\/div><\/div><div class=\"fst_registration_fields\"><div class=\"fst_field_group fst_field_last_name\"><div class=\"fst_field_label \"><label for=\"fst_last_name\">Last Name<\/label><\/div><div class=\"fs_input_wrap\"><input type=\"text\" id=\"fst_last_name\" placeholder=\"Last name\" name=\"last_name\"  \/><\/div><\/div><\/div><div class=\"fst_registration_fields\"><div class=\"fst_field_group fst_field_username\"><div class=\"fst_field_label is-required\"><label for=\"fst_username\">Username<\/label><\/div><div class=\"fs_input_wrap\"><input type=\"text\" id=\"fst_username\" placeholder=\"Username\" name=\"username\" required=\"required\"  \/><\/div><\/div><\/div><div class=\"fst_registration_fields\"><div class=\"fst_field_group fst_field_email\"><div class=\"fst_field_label is-required\"><label for=\"fst_email\">Email Address<\/label><\/div><div class=\"fs_input_wrap\"><input type=\"email\" id=\"fst_email\" placeholder=\"Your Email Address\" name=\"email\" required=\"required\"  \/><\/div><\/div><\/div><div class=\"fst_registration_fields\"><div class=\"fst_field_group fst_field_password\"><div class=\"fst_field_label is-required\"><label for=\"fst_password\">Password<\/label><\/div><div class=\"fs_input_wrap\"><input type=\"password\" id=\"fst_password\" placeholder=\"Password\" name=\"password\" required=\"required\"  \/><\/div><\/div><\/div><input type=\"hidden\" name=\"__redirect_to\" value=\"https:\/\/electrovideo.eu\/tickets-support\"><input type=\"hidden\" name=\"_fsupport_signup_nonce\" value=\"91c93af351\"><button type=\"submit\" id=\"fst_submit\"><svg version=\"1.1\" id=\"loader-1\" xmlns=\"http:\/\/www.w3.org\/2000\/svg\" xmlns:xlink=\"http:\/\/www.w3.org\/1999\/xlink\" x=\"0px\" y=\"0px\"\n           width=\"40px\" height=\"20px\" viewBox=\"0 0 50 50\" style=\"enable-background:new 0 0 50 50;\" xml:space=\"preserve\">\n        <path fill=\"#000\" d=\"M43.935,25.145c0-10.318-8.364-18.683-18.683-18.683c-10.318,0-18.683,8.365-18.683,18.683h4.068c0-8.071,6.543-14.615,14.615-14.615c8.072,0,14.615,6.543,14.615,14.615H43.935z\">\n          <animateTransform attributeType=\"xml\"\n            attributeName=\"transform\"\n            type=\"rotate\"\n            from=\"0 25 25\"\n            to=\"360 25 25\"\n            dur=\"0.6s\"\n            repeatCount=\"indefinite\"\/>\n          <\/path>\n        <\/svg><span>Signup<\/span><\/button><\/form><p style=\"text-align: center\">Already have an account? <a href=\"#\" id=\"fs_show_login\">Login<\/a><\/p><\/div><div class=\"fst_reset_pass_wrapper hide\"><form id=\"fstResetPasswordForm\" class=\"fs_reset_pass_form\" method=\"post\" name=\"fs_reset_pass_form\"><div class=\"fst_registration_fields\"><div class=\"fst_field_group fst_field_user_login\"><div class=\"fst_field_label is-required\"><label for=\"fst_reset_email\">Email Address<\/label><\/div><div class=\"fs_input_wrap\"><input type=\"text\" id=\"fst_reset_email\" placeholder=\"Your Email Address\" name=\"user_login\" required=\"required\"  \/><\/div><\/div><\/div><input type=\"hidden\" name=\"__redirect_to\" value=\"https:\/\/electrovideo.eu\/tickets-support\"><input type=\"hidden\" name=\"_fsupport_reset_pass_nonce\" value=\"bc2bc3ffd4\"><button type=\"submit\" id=\"fst_reset_pass\"><svg version=\"1.1\" id=\"loader-1\" xmlns=\"http:\/\/www.w3.org\/2000\/svg\" xmlns:xlink=\"http:\/\/www.w3.org\/1999\/xlink\" x=\"0px\" y=\"0px\"\n           width=\"40px\" height=\"20px\" viewBox=\"0 0 50 50\" style=\"enable-background:new 0 0 50 50;\" xml:space=\"preserve\">\n        <path fill=\"#000\" d=\"M43.935,25.145c0-10.318-8.364-18.683-18.683-18.683c-10.318,0-18.683,8.365-18.683,18.683h4.068c0-8.071,6.543-14.615,14.615-14.615c8.072,0,14.615,6.543,14.615,14.615H43.935z\">\n          <animateTransform attributeType=\"xml\"\n            attributeName=\"transform\"\n            type=\"rotate\"\n            from=\"0 25 25\"\n            to=\"360 25 25\"\n            dur=\"0.6s\"\n            repeatCount=\"indefinite\"\/>\n          <\/path>\n        <\/svg><span>Reset Password<\/span><\/button><\/form><\/div><\/div><\/p><\/div>\n\t\t\t\t\t\t<\/div>\n\t\t\t\t<\/div>\n\t\t\t\t\t<\/div>\n\t\t<\/div>\n\t\t\t\t\t<\/div>\n\t\t<\/section>\n\t\t\t\t<\/div>\n\t\t","protected":false},"excerpt":{"rendered":"<p>Support &amp; Tickets<\/p>\n","protected":false},"author":1,"featured_media":0,"parent":0,"menu_order":0,"comment_status":"closed","ping_status":"closed","template":"","meta":{"_monsterinsights_skip_tracking":false,"_monsterinsights_sitenote_active":false,"_monsterinsights_sitenote_note":"","_monsterinsights_sitenote_category":0,"footnotes":""},"class_list":["post-202380","page","type-page","status-publish","hentry"],"_links":{"self":[{"href":"https:\/\/electrovideo.eu\/en\/wp-json\/wp\/v2\/pages\/202380","targetHints":{"allow":["GET"]}}],"collection":[{"href":"https:\/\/electrovideo.eu\/en\/wp-json\/wp\/v2\/pages"}],"about":[{"href":"https:\/\/electrovideo.eu\/en\/wp-json\/wp\/v2\/types\/page"}],"author":[{"embeddable":true,"href":"https:\/\/electrovideo.eu\/en\/wp-json\/wp\/v2\/users\/1"}],"replies":[{"embeddable":true,"href":"https:\/\/electrovideo.eu\/en\/wp-json\/wp\/v2\/comments?post=202380"}],"version-history":[{"count":0,"href":"https:\/\/electrovideo.eu\/en\/wp-json\/wp\/v2\/pages\/202380\/revisions"}],"wp:attachment":[{"href":"https:\/\/electrovideo.eu\/en\/wp-json\/wp\/v2\/media?parent=202380"}],"curies":[{"name":"wp","href":"https:\/\/api.w.org\/{rel}","templated":true}]}}